{"id":26101,"date":"2024-08-16T21:17:17","date_gmt":"2024-08-16T21:17:17","guid":{"rendered":"https:\/\/trazocreativos.com\/illy\/?page_id=26101"},"modified":"2025-10-14T12:39:27","modified_gmt":"2025-10-14T15:39:27","slug":"art","status":"publish","type":"page","link":"https:\/\/i9.intersys.uy\/~decomuy\/art\/","title":{"rendered":"ART"},"content":{"rendered":"<div class=\"wpb-content-wrapper\"><p>[vc_row][vc_column][vc_single_image image=&#8221;26105&#8243; img_size=&#8221;full&#8221;][\/vc_column][\/vc_row][vc_row][vc_column css=&#8221;.vc_custom_1723823317697{padding-top: 30px !important;padding-right: 20px !important;padding-bottom: 30px !important;padding-left: 20px !important;}&#8221;][vc_custom_heading text=&#8221;Art&#8221; font_container=&#8221;tag:p|font_size:42|text_align:center|color:%23000000|line_height:1&#8243; google_fonts=&#8221;font_family:Raleway%3A100%2C200%2C300%2Cregular%2C500%2C600%2C700%2C800%2C900|font_style:800%20bold%20regular%3A800%3Anormal&#8221; css=&#8221;.vc_custom_1723843296746{padding-top: 20px !important;padding-bottom: 0px !important;padding-left: 30px !important;}&#8221;][vc_custom_heading text=&#8221;Nuestro viaje hacia una colecci\u00f3n<br \/>\nde arte \u00fanica en forma de taza&#8221; font_container=&#8221;tag:p|font_size:18|text_align:center|color:%231e1e1e|line_height:1&#8243; google_fonts=&#8221;font_family:Raleway%3A100%2C200%2C300%2Cregular%2C500%2C600%2C700%2C800%2C900|font_style:600%20bold%20regular%3A600%3Anormal&#8221; css=&#8221;.vc_custom_1723843820274{padding-top: 40px !important;padding-right: 0px !important;padding-bottom: 20px !important;padding-left: 0px !important;}&#8221;][vc_btn title=&#8221;VER SHOP&#8221; style=&#8221;custom&#8221; custom_background=&#8221;#fb1000&#8243; custom_text=&#8221;#ffffff&#8221; shape=&#8221;round&#8221; size=&#8221;lg&#8221; align=&#8221;center&#8221; link=&#8221;url:https%3A%2F%2Feshop.vanacity.com%2Ftazas-de-cafe-y-accesorios%2Filly-art-collection&#8221;][\/vc_column][\/vc_row][vc_row css=&#8221;.vc_custom_1723844377041{background-color: #f6f0ec !important;}&#8221;][vc_column css=&#8221;.vc_custom_1723844461673{padding-top: 100px !important;padding-bottom: 80px !important;}&#8221;][vc_custom_heading text=&#8221;Una historia de belleza&#8221; font_container=&#8221;tag:p|font_size:28|text_align:center|color:%23000000|line_height:1&#8243; google_fonts=&#8221;font_family:Raleway%3A100%2C200%2C300%2Cregular%2C500%2C600%2C700%2C800%2C900|font_style:800%20bold%20regular%3A800%3Anormal&#8221; css=&#8221;.vc_custom_1723844443806{padding-bottom: 0px !important;padding-left: 30px !important;}&#8221;][vc_column_text css=&#8221;.vc_custom_1723844060815{padding-top: 20px !important;padding-right: 30px !important;padding-bottom: 20px !important;padding-left: 30px !important;}&#8221;]<\/p>\n<p style=\"font-size: 18px; font-weight: 300; text-align: center;\">En 1992, un grupo de artistas plasm\u00f3 su creatividad en la superficie de la taza de caf\u00e9 dise\u00f1ada por Matteo Thun para illy. As\u00ed naci\u00f3 la illy Art Collection, que transform\u00f3 un objeto de uso cotidiano en un lienzo blanco sobre el que 125 artistas de fama internacional, desde grandes maestros hasta j\u00f3venes talentos, han puesto a prueba sus habilidades a lo largo de los a\u00f1os. Treinta a\u00f1os despu\u00e9s, los principales nombres del arte contempor\u00e1neo siguen encontrando inspiraci\u00f3n en la superficie de porcelana blanca. Juntos, hemos creado una colecci\u00f3n \u00fanica de peque\u00f1as obras de arte<\/p>\n<p>[\/vc_column_text][\/vc_column][\/vc_row][vc_row content_placement=&#8221;middle&#8221;][vc_column width=&#8221;1\/2&#8243; css=&#8221;.vc_custom_1710871229893{padding-top: 60px !important;padding-right: 30px !important;padding-bottom: 30px !important;padding-left: 30px !important;}&#8221;][vc_custom_heading text=&#8221;La uni\u00f3n de lo bello y lo bueno&#8221; font_container=&#8221;tag:p|font_size:28|text_align:center|color:%23000000|line_height:1&#8243; google_fonts=&#8221;font_family:Raleway%3A100%2C200%2C300%2Cregular%2C500%2C600%2C700%2C800%2C900|font_style:800%20bold%20regular%3A800%3Anormal&#8221; css=&#8221;.vc_custom_1723844163703{padding-bottom: 0px !important;padding-left: 30px !important;}&#8221;][vc_custom_heading text=&#8221;Nuestra conexi\u00f3n con el mundo del arte contempor\u00e1neo.&#8221; font_container=&#8221;tag:p|font_size:16|text_align:center|color:%23000000|line_height:1&#8243; google_fonts=&#8221;font_family:Raleway%3A100%2C200%2C300%2Cregular%2C500%2C600%2C700%2C800%2C900|font_style:600%20bold%20regular%3A600%3Anormal&#8221; css=&#8221;.vc_custom_1723844154151{padding-top: 0px !important;padding-bottom: 20px !important;padding-left: 30px !important;}&#8221;][vc_column_text css=&#8221;.vc_custom_1723844552301{padding-top: 20px !important;padding-right: 30px !important;padding-bottom: 20px !important;padding-left: 30px !important;}&#8221;]<\/p>\n<p style=\"font-size: 16px; font-weight: 300; text-align: center;\">Este inter\u00e9s por la belleza ha motivado la contribuci\u00f3n de illycaff\u00e8 a la promoci\u00f3n del arte y la cultura apoyando a artistas, instituciones y exposiciones internacionales. Buscar la nueva belleza, encontrarla, compartirla y celebrarla: estos son los objetivos que distinguen nuestra cultura empresarial. Somos socios de la Bienal de Venecia desde 2003, una de las exposiciones internacionales de arte contempor\u00e1neo m\u00e1s importantes y prestigiosas del mundo, organizada cada dos a\u00f1os por la Fundaci\u00f3n Bienal. Tambi\u00e9n apoyamos las principales ferias internacionales de arte contempor\u00e1neo, como Artissima de Tur\u00edn, ArcoMadrid, Asia Now, Paris International y Frieze, que ha expuesto en Londres, Nueva York, Los \u00c1ngeles y Se\u00fal.<\/p>\n<p>[\/vc_column_text][\/vc_column][vc_column width=&#8221;1\/2&#8243;][vc_single_image image=&#8221;26112&#8243; img_size=&#8221;large&#8221;][\/vc_column][\/vc_row][vc_row css=&#8221;.vc_custom_1723844377041{background-color: #f6f0ec !important;}&#8221;][vc_column css=&#8221;.vc_custom_1723844461673{padding-top: 100px !important;padding-bottom: 80px !important;}&#8221;][vc_single_image image=&#8221;26118&#8243; img_size=&#8221;medium&#8221; alignment=&#8221;center&#8221;][vc_column_text css=&#8221;.vc_custom_1723844764698{padding-top: 20px !important;padding-right: 30px !important;padding-bottom: 20px !important;padding-left: 30px !important;}&#8221;]<\/p>\n<p style=\"font-size: 18px; font-weight: 300; text-align: center;\">Queremos ofrecer a los j\u00f3venes artistas emergentes una oportunidad concreta de potenciar su visibilidad, experimentar y crecer a trav\u00e9s de becas y proyectos expositivos. Por eso, desde 2001, respaldamos Present Future: el premio que otorga Artissima al proyecto considerado m\u00e1s interesante de todos los que se presentan en la secci\u00f3n de la feria de arte dedicada a los talentos emergentes. Adem\u00e1s, desde 2007 entregamos el premio illy SustainArt en ARCOmadrid con el objetivo de impulsar las carreras de j\u00f3venes creadores a nivel internacional, ofreci\u00e9ndoles una oportunidad concreta de visibilidad, experimentaci\u00f3n y crecimiento.<\/p>\n<p>[\/vc_column_text][\/vc_column][\/vc_row]<\/p>\n<\/div>","protected":false},"excerpt":{"rendered":"<p>[vc_row][vc_column][vc_single_image image=&#8221;26105&#8243; img_size=&#8221;full&#8221;][\/vc_column][\/vc_row][vc_row][vc_column css=&#8221;.vc_custom_1723823317697{padding-top: 30px !important;padding-right: 20px !important;padding-bottom: 30px !important;padding-left: 20px !important;}&#8221;][vc_custom_heading text=&#8221;Art&#8221; font_container=&#8221;tag:p|font_size:42|text_align:center|color:%23000000|line_height:1&#8243; google_fonts=&#8221;font_family:Raleway%3A100%2C200%2C300%2Cregular%2C500%2C600%2C700%2C800%2C900|font_style:800%20bold%20regular%3A800%3Anormal&#8221; css=&#8221;.vc_custom_1723843296746{padding-top: 20px !important;padding-bottom: 0px !important;padding-left: 30px !important;}&#8221;][vc_custom_heading text=&#8221;Nuestro viaje hacia una colecci\u00f3n de arte \u00fanica en forma de taza&#8221; font_container=&#8221;tag:p|font_size:18|text_align:center|color:%231e1e1e|line_height:1&#8243; google_fonts=&#8221;font_family:Raleway%3A100%2C200%2C300%2Cregular%2C500%2C600%2C700%2C800%2C900|font_style:600%20bold%20regular%3A600%3Anormal&#8221; css=&#8221;.vc_custom_1723843820274{padding-top: 40px !important;padding-right: 0px !important;padding-bottom: 20px !important;padding-left: 0px !important;}&#8221;][vc_btn title=&#8221;VER SHOP&#8221; style=&#8221;custom&#8221; custom_background=&#8221;#fb1000&#8243; custom_text=&#8221;#ffffff&#8221; shape=&#8221;round&#8221; size=&#8221;lg&#8221; align=&#8221;center&#8221; link=&#8221;url:https%3A%2F%2Feshop.vanacity.com%2Ftazas-de-cafe-y-accesorios%2Filly-art-collection&#8221;][\/vc_column][\/vc_row][vc_row css=&#8221;.vc_custom_1723844377041{background-color: [&hellip;]<\/p>\n","protected":false},"author":1,"featured_media":0,"parent":0,"menu_order":0,"comment_status":"closed","ping_status":"closed","template":"","meta":{"_joinchat":[],"footnotes":""},"class_list":["post-26101","page","type-page","status-publish","hentry"],"_links":{"self":[{"href":"https:\/\/i9.intersys.uy\/~decomuy\/wp-json\/wp\/v2\/pages\/26101","targetHints":{"allow":["GET"]}}],"collection":[{"href":"https:\/\/i9.intersys.uy\/~decomuy\/wp-json\/wp\/v2\/pages"}],"about":[{"href":"https:\/\/i9.intersys.uy\/~decomuy\/wp-json\/wp\/v2\/types\/page"}],"author":[{"embeddable":true,"href":"https:\/\/i9.intersys.uy\/~decomuy\/wp-json\/wp\/v2\/users\/1"}],"replies":[{"embeddable":true,"href":"https:\/\/i9.intersys.uy\/~decomuy\/wp-json\/wp\/v2\/comments?post=26101"}],"version-history":[{"count":21,"href":"https:\/\/i9.intersys.uy\/~decomuy\/wp-json\/wp\/v2\/pages\/26101\/revisions"}],"predecessor-version":[{"id":26772,"href":"https:\/\/i9.intersys.uy\/~decomuy\/wp-json\/wp\/v2\/pages\/26101\/revisions\/26772"}],"wp:attachment":[{"href":"https:\/\/i9.intersys.uy\/~decomuy\/wp-json\/wp\/v2\/media?parent=26101"}],"curies":[{"name":"wp","href":"https:\/\/api.w.org\/{rel}","templated":true}]}}