{"id":26048,"date":"2024-08-16T18:05:42","date_gmt":"2024-08-16T18:05:42","guid":{"rendered":"https:\/\/trazocreativos.com\/illy\/?page_id=26048"},"modified":"2024-10-01T14:45:06","modified_gmt":"2024-10-01T14:45:06","slug":"sustentabilidad-b-corp","status":"publish","type":"page","link":"https:\/\/i9.intersys.uy\/~decomuy\/sustentabilidad-b-corp\/","title":{"rendered":"sustentabilidad B corp"},"content":{"rendered":"<div class=\"wpb-content-wrapper\"><p>[vc_row video_bg=&#8221;yes&#8221; video_bg_url=&#8221;https:\/\/www.youtube.com\/watch?v=fr31cedolA8&#8243;][vc_column css=&#8221;.vc_custom_1727793895912{padding-top: 400px !important;padding-right: 10px !important;padding-bottom: 400px !important;padding-left: 10px !important;}&#8221;][\/vc_column][\/vc_row][vc_row][vc_column css=&#8221;.vc_custom_1723842230274{padding-top: 30px !important;padding-right: 30px !important;padding-bottom: 30px !important;padding-left: 30px !important;}&#8221;][vc_custom_heading text=&#8221;Sostenibilidad B Corp&#8221; font_container=&#8221;tag:p|font_size:28|text_align:center|color:%23000000|line_height:1&#8243; google_fonts=&#8221;font_family:Raleway%3A100%2C200%2C300%2Cregular%2C500%2C600%2C700%2C800%2C900|font_style:800%20bold%20regular%3A800%3Anormal&#8221; css=&#8221;.vc_custom_1723842754972{padding-top: 20px !important;padding-bottom: 30px !important;padding-left: 0px !important;}&#8221;][vc_column_text css=&#8221;.vc_custom_1723842708705{padding-top: 0px !important;padding-right: 30px !important;padding-left: 30px !important;}&#8221;]<\/p>\n<p style=\"text-align: center;\">La calidad del caf\u00e9 illy es el resultado directo de la relaci\u00f3n de colaboraci\u00f3n entre la empresa y nuestros excelentes productores de caf\u00e9. La cadena de suministro sostenible de illycaff\u00e8 se basa en un sistema de relaciones directas con los proveedores, que se basa en cuatro pilares:<\/p>\n<p>[\/vc_column_text][vc_custom_heading text=&#8221;NUESTROS CUATRO PILARES&#8221; font_container=&#8221;tag:p|font_size:22|text_align:center|color:%23fb1920|line_height:0&#8243; google_fonts=&#8221;font_family:Raleway%3A100%2C200%2C300%2Cregular%2C500%2C600%2C700%2C800%2C900|font_style:800%20bold%20regular%3A800%3Anormal&#8221; css=&#8221;.vc_custom_1723840130049{padding-top: 40px !important;padding-right: 0px !important;padding-bottom: 20px !important;padding-left: 0px !important;}&#8221;][\/vc_column][\/vc_row][vc_row css=&#8221;.vc_custom_1723840283745{padding-top: 120px !important;padding-bottom: 120px !important;background-image: url(https:\/\/vanacity.com\/wp-content\/uploads\/2024\/08\/img_02@2x-1.jpg?id=26083) !important;background-position: center !important;background-repeat: no-repeat !important;background-size: cover !important;}&#8221;][vc_column width=&#8221;1\/2&#8243;][vc_custom_heading text=&#8221;01&#8243; font_container=&#8221;tag:p|font_size:48|text_align:center|color:%23fb1920|line_height:1&#8243; google_fonts=&#8221;font_family:Raleway%3A100%2C200%2C300%2Cregular%2C500%2C600%2C700%2C800%2C900|font_style:800%20bold%20regular%3A800%3Anormal&#8221; css=&#8221;.vc_custom_1723835857665{padding-bottom: 0px !important;padding-left: 30px !important;}&#8221;][vc_column_text css=&#8221;.vc_custom_1723835240524{padding-top: 30px !important;padding-right: 30px !important;padding-bottom: 30px !important;padding-left: 30px !important;}&#8221;]<\/p>\n<p style=\"font-size: 18px; font-weight: 500; text-align: center;\">Seleccionando y trabajando <\/br>con los mejores productores de caf\u00e9 ar\u00e1bico.<\/p>\n<p>[\/vc_column_text][vc_custom_heading text=&#8221;02&#8243; font_container=&#8221;tag:p|font_size:48|text_align:center|color:%23fb1920|line_height:1&#8243; google_fonts=&#8221;font_family:Raleway%3A100%2C200%2C300%2Cregular%2C500%2C600%2C700%2C800%2C900|font_style:800%20bold%20regular%3A800%3Anormal&#8221; css=&#8221;.vc_custom_1723840158916{padding-top: 30px !important;padding-bottom: 0px !important;padding-left: 30px !important;}&#8221;][vc_column_text css=&#8221;.vc_custom_1723835892098{padding-top: 30px !important;padding-right: 30px !important;padding-bottom: 0px !important;padding-left: 30px !important;}&#8221;]<\/p>\n<p style=\"font-size: 18px; font-weight: 500; text-align: center;\">Compartiendo el conocimiento con ellos, form\u00e1ndolos en cultivo sostenible y de calidad en la &#8220;Universit\u00e1 del Caff\u00e9&#8221; y en el trabajo diario en el campo con agr\u00f3nomos especialistas.<\/p>\n<p>[\/vc_column_text][\/vc_column][vc_column width=&#8221;1\/2&#8243;][vc_custom_heading text=&#8221;03&#8243; font_container=&#8221;tag:p|font_size:48|text_align:center|color:%23fb1920|line_height:1&#8243; google_fonts=&#8221;font_family:Raleway%3A100%2C200%2C300%2Cregular%2C500%2C600%2C700%2C800%2C900|font_style:800%20bold%20regular%3A800%3Anormal&#8221; css=&#8221;.vc_custom_1723835842968{padding-bottom: 0px !important;padding-left: 30px !important;}&#8221;][vc_column_text css=&#8221;.vc_custom_1723835807590{padding-top: 30px !important;padding-right: 30px !important;padding-bottom: 30px !important;padding-left: 30px !important;}&#8221;]<\/p>\n<p style=\"font-size: 18px; font-weight: 500; text-align: center;\">Recompens\u00e1ndoles por producir calidad pag\u00e1ndoles<\/br> tarifas superiores a las del mercado fomentando as\u00ed la mejora constante y garantizando una producci\u00f3n sostenible.<\/p>\n<p>[\/vc_column_text][vc_custom_heading text=&#8221;04&#8243; font_container=&#8221;tag:p|font_size:48|text_align:center|color:%23fb1920|line_height:1&#8243; google_fonts=&#8221;font_family:Raleway%3A100%2C200%2C300%2Cregular%2C500%2C600%2C700%2C800%2C900|font_style:800%20bold%20regular%3A800%3Anormal&#8221; css=&#8221;.vc_custom_1723839965053{padding-bottom: 0px !important;padding-left: 30px !important;}&#8221;][vc_column_text css=&#8221;.vc_custom_1723840061274{padding-top: 30px !important;padding-right: 30px !important;padding-bottom: 30px !important;padding-left: 30px !important;}&#8221;]<\/p>\n<p style=\"font-size: 18px; font-weight: 500; text-align: center;\">Creaci\u00f3n de una Comunidad de productores de illy que se re\u00fanen virtualmente en una plataforma especializada.<\/p>\n<p>[\/vc_column_text][\/vc_column][\/vc_row][vc_row][vc_column css=&#8221;.vc_custom_1723842301130{padding-top: 80px !important;padding-right: 30px !important;padding-bottom: 80px !important;padding-left: 30px !important;}&#8221;][vc_single_image image=&#8221;26085&#8243; img_size=&#8221;medium&#8221; alignment=&#8221;center&#8221;][vc_custom_heading text=&#8221;Corporaci\u00f3n de beneficio&#8221; font_container=&#8221;tag:p|font_size:22|text_align:center|color:%23000000|line_height:1&#8243; google_fonts=&#8221;font_family:Raleway%3A100%2C200%2C300%2Cregular%2C500%2C600%2C700%2C800%2C900|font_style:800%20bold%20regular%3A800%3Anormal&#8221; css=&#8221;.vc_custom_1723842799257{padding-top: 20px !important;padding-bottom: 30px !important;padding-left: 0px !important;}&#8221;][vc_column_text css=&#8221;.vc_custom_1723842971930{padding-top: 0px !important;padding-right: 50px !important;padding-left: 50px !important;}&#8221;]<\/p>\n<p style=\"text-align: center;\">Desde 2019, nuestra personalidad jur\u00eddica es la de Sociedad An\u00f3nima de Beneficio Social, reafirmando nuestra elecci\u00f3n de buscar un crecimiento continuo promoviendo una forma diferente de hacer negocios basada en una estrategia orientada al bien com\u00fan. Nos centramos en tres \u00e1reas de intervenci\u00f3n, que se han incorporado a nuestros estatutos. La primera se refiere a una cadena de valor responsable y una agricultura sostenible. Nuestro enfoque consiste en analizar y mejorar los impactos a lo largo de la cadena de suministro del caf\u00e9, realizar investigaciones sobre el terreno y compartir conocimientos, as\u00ed como apoyar la agricultura integrada para preservar y mejorar la calidad sostenible del caf\u00e9. La segunda est\u00e1 vinculada a la calidad de vida, perseguida a trav\u00e9s de los principios de sostenibilidad econ\u00f3mica, social y ambiental y promoviendo alianzas globales con este objetivo. Por \u00faltimo, la tercera \u00e1rea se refiere a la econom\u00eda circular y sus beneficios para el planeta, implicando mejoras en la eficiencia energ\u00e9tica y el consumo de recursos para reducir progresivamente las emisiones a lo largo de la cadena.<\/p>\n<p>[\/vc_column_text][\/vc_column][\/vc_row][vc_row css=&#8221;.vc_custom_1723841091601{background-position: center !important;background-repeat: no-repeat !important;background-size: cover !important;}&#8221;][vc_column width=&#8221;1\/2&#8243;][vc_single_image image=&#8221;26087&#8243; img_size=&#8221;large&#8221;][\/vc_column][vc_column width=&#8221;1\/2&#8243; css=&#8221;.vc_custom_1723842361592{padding-top: 80px !important;padding-right: 30px !important;padding-bottom: 80px !important;padding-left: 30px !important;}&#8221;][vc_custom_heading text=&#8221;Sostenibilidad desde el principio, B Corp desde 2021&#8243; font_container=&#8221;tag:p|font_size:32|text_align:center|color:%23000000|line_height:1&#8243; google_fonts=&#8221;font_family:Raleway%3A100%2C200%2C300%2Cregular%2C500%2C600%2C700%2C800%2C900|font_style:600%20bold%20regular%3A600%3Anormal&#8221; css=&#8221;.vc_custom_1723841056522{padding-bottom: 0px !important;padding-left: 30px !important;}&#8221;][vc_column_text css=&#8221;.vc_custom_1723841363670{padding-top: 30px !important;padding-right: 30px !important;padding-bottom: 30px !important;padding-left: 30px !important;}&#8221;]<\/p>\n<p class=\"p1\" style=\"text-align: center;\"><span style=\"color: #000000;\">Desde nuestros inicios, un \u00fanico e importante detalle ha permanecido en el centro de nuestra dedicaci\u00f3n a\u00a0<b>la calidad<\/b>\u00a0: nuestro compromiso con\u00a0<b>la sostenibilidad<\/b>\u00a0. Una promesa que nunca dejaremos de hacer con cada elecci\u00f3n, desde la producci\u00f3n hasta el cuidado del\u00a0<b>medio ambiente<\/b>\u00a0y\u00a0<b>las comunidades<\/b>\u00a0, que nos permiti\u00f3, en\u00a0<b>2021<\/b>\u00a0, convertirnos en la primera empresa italiana de caf\u00e9 en recibir la certificaci\u00f3n B Corp.<\/span><\/p>\n<p class=\"p1\" style=\"text-align: center;\"><span style=\"color: #000000;\">Solo\u00a0<b>el 3%<\/b>\u00a0de las empresas solicitantes alcanzan esta meta. Estamos orgullosos de mantenerlo, mejorando a\u00fan m\u00e1s nuestra marca y permitiendo que nuestro modelo de negocio sea reconocido por el\u00a0<b>valor positivo<\/b>\u00a0que genera tanto para el\u00a0<b>medio ambiente<\/b>\u00a0como para la\u00a0<b>comunidad<\/b>\u00a0, porque ser\u00a0<b>sostenibles<\/b>\u00a0es un\u00a0<b>compromiso<\/b>\u00a0que seguiremos asumiendo, una y otra vez.<\/span><\/p>\n<p style=\"text-align: center;\"><span>Hemos recibido nuestra nueva certificaci\u00f3n B Lab con una <\/span><strong><span>puntuaci\u00f3n de 90,4 puntos<\/span><\/strong><span>\u00a0, podemos confirmar que tenemos un impacto social y ambiental\u00a0en el mundo\u00a0<\/span><strong><span>a\u00fan m\u00e1s positivo que nunca.<\/span><\/strong><\/p>\n<p>[\/vc_column_text][\/vc_column][\/vc_row]<\/p>\n<\/div>","protected":false},"excerpt":{"rendered":"<p>[vc_row video_bg=&#8221;yes&#8221; video_bg_url=&#8221;https:\/\/www.youtube.com\/watch?v=fr31cedolA8&#8243;][vc_column css=&#8221;.vc_custom_1727793895912{padding-top: 400px !important;padding-right: 10px !important;padding-bottom: 400px !important;padding-left: 10px !important;}&#8221;][\/vc_column][\/vc_row][vc_row][vc_column css=&#8221;.vc_custom_1723842230274{padding-top: 30px !important;padding-right: 30px !important;padding-bottom: 30px !important;padding-left: 30px !important;}&#8221;][vc_custom_heading text=&#8221;Sostenibilidad B Corp&#8221; font_container=&#8221;tag:p|font_size:28|text_align:center|color:%23000000|line_height:1&#8243; google_fonts=&#8221;font_family:Raleway%3A100%2C200%2C300%2Cregular%2C500%2C600%2C700%2C800%2C900|font_style:800%20bold%20regular%3A800%3Anormal&#8221; css=&#8221;.vc_custom_1723842754972{padding-top: 20px !important;padding-bottom: 30px !important;padding-left: 0px !important;}&#8221;][vc_column_text css=&#8221;.vc_custom_1723842708705{padding-top: 0px !important;padding-right: 30px !important;padding-left: 30px !important;}&#8221;] La calidad del caf\u00e9 illy es el resultado directo de la relaci\u00f3n de colaboraci\u00f3n entre [&hellip;]<\/p>\n","protected":false},"author":1,"featured_media":0,"parent":0,"menu_order":0,"comment_status":"closed","ping_status":"closed","template":"","meta":{"_joinchat":[],"footnotes":""},"class_list":["post-26048","page","type-page","status-publish","hentry"],"_links":{"self":[{"href":"https:\/\/i9.intersys.uy\/~decomuy\/wp-json\/wp\/v2\/pages\/26048","targetHints":{"allow":["GET"]}}],"collection":[{"href":"https:\/\/i9.intersys.uy\/~decomuy\/wp-json\/wp\/v2\/pages"}],"about":[{"href":"https:\/\/i9.intersys.uy\/~decomuy\/wp-json\/wp\/v2\/types\/page"}],"author":[{"embeddable":true,"href":"https:\/\/i9.intersys.uy\/~decomuy\/wp-json\/wp\/v2\/users\/1"}],"replies":[{"embeddable":true,"href":"https:\/\/i9.intersys.uy\/~decomuy\/wp-json\/wp\/v2\/comments?post=26048"}],"version-history":[{"count":49,"href":"https:\/\/i9.intersys.uy\/~decomuy\/wp-json\/wp\/v2\/pages\/26048\/revisions"}],"predecessor-version":[{"id":26292,"href":"https:\/\/i9.intersys.uy\/~decomuy\/wp-json\/wp\/v2\/pages\/26048\/revisions\/26292"}],"wp:attachment":[{"href":"https:\/\/i9.intersys.uy\/~decomuy\/wp-json\/wp\/v2\/media?parent=26048"}],"curies":[{"name":"wp","href":"https:\/\/api.w.org\/{rel}","templated":true}]}}