{"id":25960,"date":"2024-08-13T21:12:32","date_gmt":"2024-08-13T21:12:32","guid":{"rendered":"https:\/\/trazocreativos.com\/illy\/?page_id=25960"},"modified":"2025-10-14T12:42:32","modified_gmt":"2025-10-14T15:42:32","slug":"moka","status":"publish","type":"page","link":"https:\/\/i9.intersys.uy\/~decomuy\/moka\/","title":{"rendered":"MOKA"},"content":{"rendered":"<div class=\"wpb-content-wrapper\"><p>[vc_row video_bg=&#8221;yes&#8221; video_bg_url=&#8221;https:\/\/www.youtube.com\/watch?v=mc4JUDyYwsk&#8221; css=&#8221;.vc_custom_1723583194460{padding-top: 0px !important;padding-bottom: 0px !important;background-position: center !important;background-repeat: no-repeat !important;background-size: cover !important;}&#8221;][vc_column css=&#8221;.vc_custom_1727468267171{margin-top: 0px !important;padding-top: 400px !important;padding-right: 10px !important;padding-bottom: 400px !important;padding-left: 10px !important;}&#8221;][\/vc_column][\/vc_row][vc_row content_placement=&#8221;middle&#8221; css=&#8221;.vc_custom_1718161626781{padding-top: 0px !important;}&#8221;][vc_column css=&#8221;.vc_custom_1723572980767{padding-top: 60px !important;padding-right: 30px !important;padding-bottom: 0px !important;padding-left: 30px !important;}&#8221;][vc_custom_heading text=&#8221;Moka&#8221; font_container=&#8221;tag:p|font_size:48|text_align:center|color:%23000000|line_height:1&#8243; google_fonts=&#8221;font_family:Raleway%3A100%2C200%2C300%2Cregular%2C500%2C600%2C700%2C800%2C900|font_style:800%20bold%20regular%3A800%3Anormal&#8221; css=&#8221;.vc_custom_1723596122593{padding-top: 0px !important;padding-right: 0px !important;padding-bottom: 0px !important;padding-left: 0px !important;}&#8221;][vc_column_text css=&#8221;.vc_custom_1723583683575{padding-top: 30px !important;padding-right: 30px !important;padding-bottom: 0px !important;padding-left: 30px !important;}&#8221;]<\/p>\n<p style=\"font-size: 16px; font-weight: 300; text-align: center;\">Las cafeteras\u00a0moka se\u00a0inventaron en Italia en la d\u00e9cada de 1930.\u00a0El\u00a0nombre\u00a0hace referencia a la ciudad de\u00a0Mocha,<br \/>\nYemen,\u00a0durante muchos siglos un centro de excelencia en el caf\u00e9.<br \/>\nCada cafetera moka consta de un\u00a0cilindro\u00a0(c\u00e1mara inferior), un\u00a0embudo de filtrado,<br \/>\nun\u00a0colector\u00a0(c\u00e1mara superior) con un\u00a0segundo filtro extra\u00edble\u00a0, sujeto en su lugar por una junta de goma.<br \/>\nLa junta y el filtro extra\u00edble deben cambiarse peri\u00f3dicamente.[\/vc_column_text][\/vc_column][\/vc_row][vc_row css=&#8221;.vc_custom_1723582488165{padding-top: 0px !important;padding-bottom: 0px !important;background-position: center !important;background-repeat: no-repeat !important;background-size: cover !important;}&#8221;][vc_column width=&#8221;1\/2&#8243;][vc_single_image image=&#8221;25922&#8243; img_size=&#8221;500&#215;450&#8243; alignment=&#8221;center&#8221; css=&#8221;.vc_custom_1723583375448{padding-top: 0px !important;padding-right: 0px !important;padding-bottom: 0px !important;padding-left: 0px !important;}&#8221;][\/vc_column][vc_column width=&#8221;1\/2&#8243; css=&#8221;.vc_custom_1723582698713{padding-top: 50px !important;padding-right: 0px !important;padding-bottom: 0px !important;padding-left: 0px !important;}&#8221;][vc_custom_heading text=&#8221;Preparaci\u00f3n&#8221; font_container=&#8221;tag:p|font_size:32|text_align:left|color:%23000000|line_height:1&#8243; google_fonts=&#8221;font_family:Raleway%3A100%2C200%2C300%2Cregular%2C500%2C600%2C700%2C800%2C900|font_style:800%20bold%20regular%3A800%3Anormal&#8221; css=&#8221;.vc_custom_1724097802187{padding-top: 0px !important;padding-right: 0px !important;padding-bottom: 0px !important;padding-left: 0px !important;}&#8221;][vc_column_text css=&#8221;.vc_custom_1724097981862{padding-top: 30px !important;padding-right: 20px !important;padding-bottom: 30px !important;}&#8221;]<\/p>\n<ul>\n<li>Llenar la base con agua fr\u00eda hasta el nivel de la v\u00e1lvula. Insertar el filtro.<\/li>\n<li>Llenar completamente el filtro de caf\u00e9 molido, pero sin prensar el polvo de caf\u00e9<\/li>\n<li>Asegurarse que el filtro y la guarnici\u00f3n de goma est\u00e9n en su sitio. Enroscar del todo las dos partes de la moka.<\/li>\n<li>Colocar la moka sobre el fuego. Atenci\u00f3n: la llama deber\u00e1 ser baja.<\/li>\n<li>Quitar la moka del fuego despu\u00e9s de que el caf\u00e9 suba y empiece a burbujear. As\u00ed se extraer\u00e1n solo las partes m\u00e1s nobles del caf\u00e9.<\/li>\n<li>Mezclar el caf\u00e9 con una cuchara antes de verterlo en las tazas<\/li>\n<li style=\"text-align: left;\">Aclarar con agua caliente y dejarla secar del todo antes de enroscarla<\/li>\n<\/ul>\n<p>[\/vc_column_text][\/vc_column][\/vc_row][vc_row content_placement=&#8221;middle&#8221; css=&#8221;.vc_custom_1712847875279{padding-top: 0px !important;}&#8221;][vc_column width=&#8221;1\/4&#8243; css=&#8221;.vc_custom_1718155917590{padding-top: 20px !important;padding-right: 10px !important;padding-bottom: 0px !important;padding-left: 10px !important;}&#8221;][vc_custom_heading text=&#8221;CAPPUCCINO&#8221; font_container=&#8221;tag:p|font_size:22|text_align:center|color:%23fb1920|line_height:1&#8243; google_fonts=&#8221;font_family:Raleway%3A100%2C200%2C300%2Cregular%2C500%2C600%2C700%2C800%2C900|font_style:800%20bold%20regular%3A800%3Anormal&#8221; css=&#8221;.vc_custom_1718155842866{padding-bottom: 0px !important;padding-left: px !important;}&#8221;][vc_single_image image=&#8221;25695&#8243; img_size=&#8221;medium&#8221; alignment=&#8221;center&#8221; onclick=&#8221;custom_link&#8221; link=&#8221;https:\/\/vanacity.com\/capuccino\/&#8221;][\/vc_column][vc_column width=&#8221;1\/4&#8243; css=&#8221;.vc_custom_1712851435691{padding-top: 20px !important;}&#8221;][vc_custom_heading text=&#8221;ESPRESSO&#8221; font_container=&#8221;tag:p|font_size:22|text_align:center|color:%23fb1920|line_height:1&#8243; google_fonts=&#8221;font_family:Raleway%3A100%2C200%2C300%2Cregular%2C500%2C600%2C700%2C800%2C900|font_style:800%20bold%20regular%3A800%3Anormal&#8221; css=&#8221;.vc_custom_1723583947949{padding-bottom: 0px !important;padding-left: 0px !important;}&#8221;][vc_single_image image=&#8221;25727&#8243; img_size=&#8221;medium&#8221; alignment=&#8221;center&#8221; onclick=&#8221;custom_link&#8221; link=&#8221;https:\/\/vanacity.com\/espresso\/&#8221;][\/vc_column][vc_column width=&#8221;1\/4&#8243; css=&#8221;.vc_custom_1718153434207{padding-top: 20px !important;padding-left: 10px !important;}&#8221;][vc_custom_heading text=&#8221;CAF\u00c9 FILTRO&#8221; font_container=&#8221;tag:p|font_size:22|text_align:center|color:%23fb1920|line_height:1&#8243; google_fonts=&#8221;font_family:Raleway%3A100%2C200%2C300%2Cregular%2C500%2C600%2C700%2C800%2C900|font_style:800%20bold%20regular%3A800%3Anormal&#8221; css=&#8221;.vc_custom_1718155872406{padding-bottom: 0px !important;padding-left: px !important;}&#8221;][vc_single_image image=&#8221;25698&#8243; img_size=&#8221;medium&#8221; alignment=&#8221;center&#8221; onclick=&#8221;custom_link&#8221; link=&#8221;https:\/\/vanacity.com\/cafe-filtro\/&#8221;][\/vc_column][vc_column width=&#8221;1\/4&#8243; css=&#8221;.vc_custom_1724192059519{padding-top: 20px !important;padding-left: 10px !important;}&#8221;][vc_custom_heading text=&#8221;CAF\u00c9 FILTRO&#8221; font_container=&#8221;tag:p|font_size:22|text_align:center|color:%23fb1920|line_height:1&#8243; google_fonts=&#8221;font_family:Raleway%3A100%2C200%2C300%2Cregular%2C500%2C600%2C700%2C800%2C900|font_style:800%20bold%20regular%3A800%3Anormal&#8221; css=&#8221;.vc_custom_1718155872406{padding-bottom: 0px !important;padding-left: px !important;}&#8221;][vc_single_image image=&#8221;26217&#8243; img_size=&#8221;medium&#8221; alignment=&#8221;center&#8221; onclick=&#8221;custom_link&#8221; link=&#8221;https:\/\/vanacity.com\/french\/&#8221;][\/vc_column][\/vc_row]<\/p>\n<\/div>","protected":false},"excerpt":{"rendered":"<p>[vc_row video_bg=&#8221;yes&#8221; video_bg_url=&#8221;https:\/\/www.youtube.com\/watch?v=mc4JUDyYwsk&#8221; css=&#8221;.vc_custom_1723583194460{padding-top: 0px !important;padding-bottom: 0px !important;background-position: center !important;background-repeat: no-repeat !important;background-size: cover !important;}&#8221;][vc_column css=&#8221;.vc_custom_1727468267171{margin-top: 0px !important;padding-top: 400px !important;padding-right: 10px !important;padding-bottom: 400px !important;padding-left: 10px !important;}&#8221;][\/vc_column][\/vc_row][vc_row content_placement=&#8221;middle&#8221; css=&#8221;.vc_custom_1718161626781{padding-top: 0px !important;}&#8221;][vc_column css=&#8221;.vc_custom_1723572980767{padding-top: 60px !important;padding-right: 30px !important;padding-bottom: 0px !important;padding-left: 30px !important;}&#8221;][vc_custom_heading text=&#8221;Moka&#8221; font_container=&#8221;tag:p|font_size:48|text_align:center|color:%23000000|line_height:1&#8243; google_fonts=&#8221;font_family:Raleway%3A100%2C200%2C300%2Cregular%2C500%2C600%2C700%2C800%2C900|font_style:800%20bold%20regular%3A800%3Anormal&#8221; css=&#8221;.vc_custom_1723596122593{padding-top: 0px !important;padding-right: 0px !important;padding-bottom: 0px !important;padding-left: 0px !important;}&#8221;][vc_column_text css=&#8221;.vc_custom_1723583683575{padding-top: 30px !important;padding-right: 30px !important;padding-bottom: [&hellip;]<\/p>\n","protected":false},"author":1,"featured_media":0,"parent":0,"menu_order":0,"comment_status":"closed","ping_status":"closed","template":"","meta":{"_joinchat":[],"footnotes":""},"class_list":["post-25960","page","type-page","status-publish","hentry"],"_links":{"self":[{"href":"https:\/\/i9.intersys.uy\/~decomuy\/wp-json\/wp\/v2\/pages\/25960","targetHints":{"allow":["GET"]}}],"collection":[{"href":"https:\/\/i9.intersys.uy\/~decomuy\/wp-json\/wp\/v2\/pages"}],"about":[{"href":"https:\/\/i9.intersys.uy\/~decomuy\/wp-json\/wp\/v2\/types\/page"}],"author":[{"embeddable":true,"href":"https:\/\/i9.intersys.uy\/~decomuy\/wp-json\/wp\/v2\/users\/1"}],"replies":[{"embeddable":true,"href":"https:\/\/i9.intersys.uy\/~decomuy\/wp-json\/wp\/v2\/comments?post=25960"}],"version-history":[{"count":21,"href":"https:\/\/i9.intersys.uy\/~decomuy\/wp-json\/wp\/v2\/pages\/25960\/revisions"}],"predecessor-version":[{"id":26777,"href":"https:\/\/i9.intersys.uy\/~decomuy\/wp-json\/wp\/v2\/pages\/25960\/revisions\/26777"}],"wp:attachment":[{"href":"https:\/\/i9.intersys.uy\/~decomuy\/wp-json\/wp\/v2\/media?parent=25960"}],"curies":[{"name":"wp","href":"https:\/\/api.w.org\/{rel}","templated":true}]}}