{"id":25852,"date":"2024-07-08T18:18:49","date_gmt":"2024-07-08T18:18:49","guid":{"rendered":"https:\/\/trazocreativos.com\/illy\/?page_id=25852"},"modified":"2025-10-14T12:45:34","modified_gmt":"2025-10-14T15:45:34","slug":"tea-since-1836","status":"publish","type":"page","link":"https:\/\/i9.intersys.uy\/~decomuy\/tea-since-1836\/","title":{"rendered":"Tea Since 1836"},"content":{"rendered":"<div class=\"wpb-content-wrapper\"><p>[vc_row][vc_column][vc_single_image image=&#8221;25853&#8243; img_size=&#8221;1920&#215;677&#8243; alignment=&#8221;center&#8221;][\/vc_column][\/vc_row][vc_row css=&#8221;.vc_custom_1719782183278{margin-top: 50px !important;}&#8221;][vc_column width=&#8221;1\/2&#8243; css=&#8221;.vc_custom_1719782192634{margin-right: 20px !important;}&#8221;][vc_column_text]<\/p>\n<p style=\"text-align: right;\"><span style=\"font-size: 18pt;\">Elaborado en Hamburgo, Alemania esta marca abarca toda nuestra experiencia en el sector del t\u00e9 desde 1836. Donde la tradici\u00f3n y la innovaci\u00f3n no s\u00f3lo se reflejan en el dise\u00f1o.<\/span><\/p>\n<p>[\/vc_column_text][\/vc_column][vc_column width=&#8221;1\/2&#8243; css=&#8221;.vc_custom_1719782199893{margin-left: 20px !important;}&#8221;][vc_column_text]S\u00f3lo las mejores creaciones llevan el sello &#8220;since 1836&#8243;. Esto nos permite ofrecer una amplia gama: desde especialidades ortodoxas cl\u00e1sicas, hasta rarezas de primera calidad. Los peque\u00f1os lotes de nuestra f\u00e1brica de t\u00e9, en envases de dise\u00f1o listos para la venta, son garant\u00eda de una calidad de primera clase en una frescura \u00fanica.<br \/>\nNuestros catadores de t\u00e9 s\u00f3lo adquieren materias primas de la m\u00e1s alta calidad donde se someten a continuos controles de calidad, tambi\u00e9n durante su transporte, para asegurar que su frescura y calidad no se vean perjudicadas durante este tiempo.[\/vc_column_text][\/vc_column][\/vc_row][vc_row css=&#8221;.vc_custom_1719782538633{margin-top: 100px !important;}&#8221;][vc_column css_animation=&#8221;fadeInDown&#8221; width=&#8221;1\/2&#8243; css=&#8221;.vc_custom_1719782479717{margin-right: 20px !important;}&#8221;][vc_single_image image=&#8221;25854&#8243; img_size=&#8221;331&#215;300&#8243; alignment=&#8221;right&#8221;][\/vc_column][vc_column width=&#8221;1\/2&#8243; css=&#8221;.vc_custom_1719782199893{margin-left: 20px !important;}&#8221;][vc_column_text]<span style=\"font-size: 14pt;\"><strong>Porciones monodosis<\/strong><\/span><br \/>\nEmpaquetados individualmente y protegidos para mantener un aroma perfecto. Las bolsitas piramidales permiten disfrutar de un t\u00e9 de alta calidad para obtener una perfecta infusi\u00f3n.<\/p>\n<p>Las hebras enteras que componen cada una de nuestras mezclas hacen que cada saquito se infusione y desprenda los m\u00e1s puros aromas y sabores.[\/vc_column_text][vc_btn title=&#8221;CONOZCA NUESTROS SABORES&#8221; style=&#8221;classic&#8221; color=&#8221;danger&#8221; size=&#8221;sm&#8221; align=&#8221;left&#8221; link=&#8221;url:https%3A%2F%2Feshop.vanacity.com%2Fte-since-1836&#8243; css=&#8221;.vc_custom_1760456630365{margin-top: 20px !important;}&#8221;][\/vc_column][\/vc_row]<\/p>\n<\/div>","protected":false},"excerpt":{"rendered":"<p>[vc_row][vc_column][vc_single_image image=&#8221;25853&#8243; img_size=&#8221;1920&#215;677&#8243; alignment=&#8221;center&#8221;][\/vc_column][\/vc_row][vc_row css=&#8221;.vc_custom_1719782183278{margin-top: 50px !important;}&#8221;][vc_column width=&#8221;1\/2&#8243; css=&#8221;.vc_custom_1719782192634{margin-right: 20px !important;}&#8221;][vc_column_text] Elaborado en Hamburgo, Alemania esta marca abarca toda nuestra experiencia en el sector del t\u00e9 desde 1836. Donde la tradici\u00f3n y la innovaci\u00f3n no s\u00f3lo se reflejan en el dise\u00f1o. [\/vc_column_text][\/vc_column][vc_column width=&#8221;1\/2&#8243; css=&#8221;.vc_custom_1719782199893{margin-left: 20px !important;}&#8221;][vc_column_text]S\u00f3lo las mejores creaciones llevan el sello &#8220;since 1836&#8243;. Esto [&hellip;]<\/p>\n","protected":false},"author":1,"featured_media":0,"parent":0,"menu_order":0,"comment_status":"closed","ping_status":"closed","template":"","meta":{"_joinchat":[],"footnotes":""},"class_list":["post-25852","page","type-page","status-publish","hentry"],"_links":{"self":[{"href":"https:\/\/i9.intersys.uy\/~decomuy\/wp-json\/wp\/v2\/pages\/25852","targetHints":{"allow":["GET"]}}],"collection":[{"href":"https:\/\/i9.intersys.uy\/~decomuy\/wp-json\/wp\/v2\/pages"}],"about":[{"href":"https:\/\/i9.intersys.uy\/~decomuy\/wp-json\/wp\/v2\/types\/page"}],"author":[{"embeddable":true,"href":"https:\/\/i9.intersys.uy\/~decomuy\/wp-json\/wp\/v2\/users\/1"}],"replies":[{"embeddable":true,"href":"https:\/\/i9.intersys.uy\/~decomuy\/wp-json\/wp\/v2\/comments?post=25852"}],"version-history":[{"count":5,"href":"https:\/\/i9.intersys.uy\/~decomuy\/wp-json\/wp\/v2\/pages\/25852\/revisions"}],"predecessor-version":[{"id":26781,"href":"https:\/\/i9.intersys.uy\/~decomuy\/wp-json\/wp\/v2\/pages\/25852\/revisions\/26781"}],"wp:attachment":[{"href":"https:\/\/i9.intersys.uy\/~decomuy\/wp-json\/wp\/v2\/media?parent=25852"}],"curies":[{"name":"wp","href":"https:\/\/api.w.org\/{rel}","templated":true}]}}