{"id":25739,"date":"2024-06-12T04:27:30","date_gmt":"2024-06-12T04:27:30","guid":{"rendered":"https:\/\/trazocreativos.com\/illy\/?page_id=25739"},"modified":"2024-08-20T22:17:52","modified_gmt":"2024-08-20T22:17:52","slug":"french","status":"publish","type":"page","link":"https:\/\/i9.intersys.uy\/~decomuy\/french\/","title":{"rendered":"FRENCH PRESS"},"content":{"rendered":"<div class=\"wpb-content-wrapper\"><p>[vc_row css=&#8221;.vc_custom_1718165487783{background-position: center !important;background-repeat: no-repeat !important;background-size: cover !important;}&#8221;][vc_column css=&#8221;.vc_custom_1723600523879{padding-top: 0px !important;padding-right: 10px !important;padding-bottom: 0px !important;padding-left: 10px !important;}&#8221;][vc_single_image image=&#8221;25990&#8243; img_size=&#8221;full&#8221; alignment=&#8221;center&#8221;][vc_custom_heading text=&#8221;French press&#8221; font_container=&#8221;tag:p|font_size:32|text_align:center|color:%23000000|line_height:0&#8243; google_fonts=&#8221;font_family:Raleway%3A100%2C200%2C300%2Cregular%2C500%2C600%2C700%2C800%2C900|font_style:800%20bold%20regular%3A800%3Anormal&#8221; css=&#8221;.vc_custom_1723599386297{padding-top: 30px !important;padding-right: 0px !important;padding-bottom: 0px !important;padding-left: 0px !important;}&#8221;][vc_custom_heading text=&#8221;El caf\u00e9 m\u00e1s f\u00e1cil de preparar&#8221; font_container=&#8221;tag:p|font_size:32|text_align:center|color:%23000000|line_height:1&#8243; google_fonts=&#8221;font_family:Raleway%3A100%2C200%2C300%2Cregular%2C500%2C600%2C700%2C800%2C900|font_style:500%20bold%20regular%3A500%3Anormal&#8221; css=&#8221;.vc_custom_1723598063243{padding-top: 30px !important;padding-right: 0px !important;padding-bottom: 0px !important;padding-left: 0px !important;}&#8221;][vc_column_text css=&#8221;.vc_custom_1724098584791{padding-top: 30px !important;padding-right: 30px !important;padding-bottom: 0px !important;padding-left: 30px !important;}&#8221;]<\/p>\n<div class=\"col-md-12\">\n<div class=\"text-center\">\n<p>Una jarra cil\u00edndrica con un pist\u00f3n que presiona sobre agua caliente y el caf\u00e9 molido: entre todas las preparaciones, esta es la m\u00e1s sencilla.<br \/>\nEl secreto es el punto justo de molido: el ideal es un caf\u00e9 molido medio, consistente y uniforme.<br \/>\nSi el filtro se encalla o el caf\u00e9 sale turbio significa que el polvo se ha molido demasiado fino.<\/p>\n<div><\/div>\n<\/div>\n<\/div>\n<p>[\/vc_column_text][\/vc_column][\/vc_row][vc_row content_placement=&#8221;middle&#8221; css=&#8221;.vc_custom_1718165000620{padding-top: 60px !important;}&#8221;][vc_column width=&#8221;1\/2&#8243; css=&#8221;.vc_custom_1723600536433{padding-top: 0px !important;}&#8221;][vc_single_image image=&#8221;25753&#8243; img_size=&#8221;full&#8221;][\/vc_column][vc_column width=&#8221;1\/2&#8243; css=&#8221;.vc_custom_1718166056723{padding-top: 0px !important;padding-right: 30px !important;padding-bottom: 30px !important;padding-left: 30px !important;}&#8221;][vc_custom_heading text=&#8221;As\u00ed se prepara:&#8221; font_container=&#8221;tag:p|font_size:32|text_align:left|color:%23000000|line_height:1&#8243; google_fonts=&#8221;font_family:Raleway%3A100%2C200%2C300%2Cregular%2C500%2C600%2C700%2C800%2C900|font_style:800%20bold%20regular%3A800%3Anormal&#8221; css=&#8221;.vc_custom_1723598134998{padding-top: 30px !important;padding-right: 0px !important;padding-bottom: 0px !important;padding-left: 30px !important;}&#8221;][vc_column_text css=&#8221;.vc_custom_1718166395078{padding-top: 30px !important;padding-right: 0px !important;padding-left: 0px !important;}&#8221;]<\/p>\n<ul>\n<li>Apoyar la jarra sobre una superficie seca, plana y no resbaladiza. Sujetar el asa con fuerza, despu\u00e9s extraer el pist\u00f3n.<\/li>\n<li>Introducir en la jarra una cucharada de caf\u00e9 (7-8 gramos) por cada 200 ml de agua<\/li>\n<li>Verter en la jarra el agua caliente, sin hervir<\/li>\n<li>Sumergir de nuevo el pist\u00f3n y apretar hacia abajo<\/li>\n<li>La presi\u00f3n sobre el pist\u00f3n se ejerce de forma lenta, suave y constante<\/li>\n<li>Despu\u00e9s de cada uso, lavar la jarra con agua y un detergente delicado, y secar con cuidado<\/li>\n<\/ul>\n<p>[\/vc_column_text][\/vc_column][\/vc_row][vc_row content_placement=&#8221;middle&#8221; css=&#8221;.vc_custom_1718165000620{padding-top: 60px !important;}&#8221;][vc_column width=&#8221;1\/2&#8243; css=&#8221;.vc_custom_1718166149839{padding-top: 0px !important;}&#8221;][vc_single_image image=&#8221;25755&#8243; img_size=&#8221;full&#8221;][\/vc_column][vc_column width=&#8221;1\/2&#8243; css=&#8221;.vc_custom_1718166056723{padding-top: 0px !important;padding-right: 30px !important;padding-bottom: 30px !important;padding-left: 30px !important;}&#8221;][vc_custom_heading text=&#8221;En el mundo&#8221; font_container=&#8221;tag:p|font_size:32|text_align:center|color:%23000000|line_height:1&#8243; google_fonts=&#8221;font_family:Raleway%3A100%2C200%2C300%2Cregular%2C500%2C600%2C700%2C800%2C900|font_style:800%20bold%20regular%3A800%3Anormal&#8221; css=&#8221;.vc_custom_1723600701042{padding-top: 30px !important;padding-right: 0px !important;padding-bottom: 0px !important;padding-left: 30px !important;}&#8221;][vc_column_text css=&#8221;.vc_custom_1723600709605{padding-top: 30px !important;padding-right: 0px !important;padding-left: 0px !important;}&#8221;]<\/p>\n<p style=\"text-align: center;\">La jarra con pist\u00f3n, inventada en Francia hacia mitades del siglo XIX, tiene diferentes nombres en el mundo: melior, cafeti\u00e8re \u00e0 piston o plunger coffee.<\/p>\n<p>[\/vc_column_text][\/vc_column][\/vc_row][vc_row content_placement=&#8221;middle&#8221; css=&#8221;.vc_custom_1712847875279{padding-top: 0px !important;}&#8221;][vc_column width=&#8221;1\/4&#8243; css=&#8221;.vc_custom_1724191865237{padding-top: 20px !important;padding-left: 10px !important;}&#8221;][vc_custom_heading text=&#8221;ESPRESSO&#8221; font_container=&#8221;tag:p|font_size:22|text_align:center|color:%23fb1920|line_height:1&#8243; google_fonts=&#8221;font_family:Raleway%3A100%2C200%2C300%2Cregular%2C500%2C600%2C700%2C800%2C900|font_style:800%20bold%20regular%3A800%3Anormal&#8221; css=&#8221;.vc_custom_1724191890886{padding-bottom: 0px !important;padding-left: px !important;}&#8221;][vc_single_image image=&#8221;26220&#8243; img_size=&#8221;medium&#8221; alignment=&#8221;center&#8221; onclick=&#8221;custom_link&#8221; link=&#8221;https:\/\/vanacity.com\/espresso\/&#8221;][\/vc_column][vc_column width=&#8221;1\/4&#8243; css=&#8221;.vc_custom_1718155917590{padding-top: 20px !important;padding-right: 10px !important;padding-bottom: 0px !important;padding-left: 10px !important;}&#8221;][vc_custom_heading text=&#8221;CAPPUCCINO&#8221; font_container=&#8221;tag:p|font_size:22|text_align:center|color:%23fb1920|line_height:1&#8243; google_fonts=&#8221;font_family:Raleway%3A100%2C200%2C300%2Cregular%2C500%2C600%2C700%2C800%2C900|font_style:800%20bold%20regular%3A800%3Anormal&#8221; css=&#8221;.vc_custom_1718155842866{padding-bottom: 0px !important;padding-left: px !important;}&#8221;][vc_single_image image=&#8221;25695&#8243; img_size=&#8221;medium&#8221; alignment=&#8221;center&#8221; onclick=&#8221;custom_link&#8221; link=&#8221;https:\/\/vanacity.com\/capuccino\/&#8221;][\/vc_column][vc_column width=&#8221;1\/4&#8243; css=&#8221;.vc_custom_1712851435691{padding-top: 20px !important;}&#8221;][vc_custom_heading text=&#8221;MOKA&#8221; font_container=&#8221;tag:p|font_size:22|text_align:center|color:%23fb1920|line_height:1&#8243; google_fonts=&#8221;font_family:Raleway%3A100%2C200%2C300%2Cregular%2C500%2C600%2C700%2C800%2C900|font_style:800%20bold%20regular%3A800%3Anormal&#8221; css=&#8221;.vc_custom_1718155856491{padding-bottom: 0px !important;padding-left: 0px !important;}&#8221;][vc_single_image image=&#8221;25922&#8243; img_size=&#8221;medium&#8221; alignment=&#8221;center&#8221; onclick=&#8221;custom_link&#8221; link=&#8221;https:\/\/vanacity.com\/moka\/&#8221;][\/vc_column][vc_column width=&#8221;1\/4&#8243; css=&#8221;.vc_custom_1718153434207{padding-top: 20px !important;padding-left: 10px !important;}&#8221;][vc_custom_heading text=&#8221;CAF\u00c9 FILTRO&#8221; font_container=&#8221;tag:p|font_size:22|text_align:center|color:%23fb1920|line_height:1&#8243; google_fonts=&#8221;font_family:Raleway%3A100%2C200%2C300%2Cregular%2C500%2C600%2C700%2C800%2C900|font_style:800%20bold%20regular%3A800%3Anormal&#8221; css=&#8221;.vc_custom_1718155872406{padding-bottom: 0px !important;padding-left: px !important;}&#8221;][vc_single_image image=&#8221;25698&#8243; img_size=&#8221;medium&#8221; alignment=&#8221;center&#8221; onclick=&#8221;custom_link&#8221; link=&#8221;https:\/\/vanacity.com\/cafe-filtro\/&#8221;][\/vc_column][\/vc_row]<\/p>\n<\/div>","protected":false},"excerpt":{"rendered":"<p>[vc_row css=&#8221;.vc_custom_1718165487783{background-position: center !important;background-repeat: no-repeat !important;background-size: cover !important;}&#8221;][vc_column css=&#8221;.vc_custom_1723600523879{padding-top: 0px !important;padding-right: 10px !important;padding-bottom: 0px !important;padding-left: 10px !important;}&#8221;][vc_single_image image=&#8221;25990&#8243; img_size=&#8221;full&#8221; alignment=&#8221;center&#8221;][vc_custom_heading text=&#8221;French press&#8221; font_container=&#8221;tag:p|font_size:32|text_align:center|color:%23000000|line_height:0&#8243; google_fonts=&#8221;font_family:Raleway%3A100%2C200%2C300%2Cregular%2C500%2C600%2C700%2C800%2C900|font_style:800%20bold%20regular%3A800%3Anormal&#8221; css=&#8221;.vc_custom_1723599386297{padding-top: 30px !important;padding-right: 0px !important;padding-bottom: 0px !important;padding-left: 0px !important;}&#8221;][vc_custom_heading text=&#8221;El caf\u00e9 m\u00e1s f\u00e1cil de preparar&#8221; font_container=&#8221;tag:p|font_size:32|text_align:center|color:%23000000|line_height:1&#8243; google_fonts=&#8221;font_family:Raleway%3A100%2C200%2C300%2Cregular%2C500%2C600%2C700%2C800%2C900|font_style:500%20bold%20regular%3A500%3Anormal&#8221; css=&#8221;.vc_custom_1723598063243{padding-top: 30px !important;padding-right: 0px !important;padding-bottom: 0px !important;padding-left: 0px !important;}&#8221;][vc_column_text css=&#8221;.vc_custom_1724098584791{padding-top: 30px !important;padding-right: 30px !important;padding-bottom: [&hellip;]<\/p>\n","protected":false},"author":1,"featured_media":0,"parent":0,"menu_order":0,"comment_status":"closed","ping_status":"closed","template":"","meta":{"_joinchat":[],"footnotes":""},"class_list":["post-25739","page","type-page","status-publish","hentry"],"_links":{"self":[{"href":"https:\/\/i9.intersys.uy\/~decomuy\/wp-json\/wp\/v2\/pages\/25739","targetHints":{"allow":["GET"]}}],"collection":[{"href":"https:\/\/i9.intersys.uy\/~decomuy\/wp-json\/wp\/v2\/pages"}],"about":[{"href":"https:\/\/i9.intersys.uy\/~decomuy\/wp-json\/wp\/v2\/types\/page"}],"author":[{"embeddable":true,"href":"https:\/\/i9.intersys.uy\/~decomuy\/wp-json\/wp\/v2\/users\/1"}],"replies":[{"embeddable":true,"href":"https:\/\/i9.intersys.uy\/~decomuy\/wp-json\/wp\/v2\/comments?post=25739"}],"version-history":[{"count":17,"href":"https:\/\/i9.intersys.uy\/~decomuy\/wp-json\/wp\/v2\/pages\/25739\/revisions"}],"predecessor-version":[{"id":26230,"href":"https:\/\/i9.intersys.uy\/~decomuy\/wp-json\/wp\/v2\/pages\/25739\/revisions\/26230"}],"wp:attachment":[{"href":"https:\/\/i9.intersys.uy\/~decomuy\/wp-json\/wp\/v2\/media?parent=25739"}],"curies":[{"name":"wp","href":"https:\/\/api.w.org\/{rel}","templated":true}]}}