{"id":25692,"date":"2024-06-12T00:50:40","date_gmt":"2024-06-12T00:50:40","guid":{"rendered":"https:\/\/trazocreativos.com\/illy\/?page_id=25692"},"modified":"2025-10-14T12:41:04","modified_gmt":"2025-10-14T15:41:04","slug":"espresso","status":"publish","type":"page","link":"https:\/\/i9.intersys.uy\/~decomuy\/espresso\/","title":{"rendered":"ESPRESSO"},"content":{"rendered":"<div class=\"wpb-content-wrapper\"><p>[vc_row video_bg=&#8221;yes&#8221; video_bg_url=&#8221;https:\/\/www.youtube.com\/watch?v=3ukhtdLR7YQ&#8221;][vc_column css=&#8221;.vc_custom_1728335584832{padding-top: 200px !important;padding-bottom: 200px !important;}&#8221;][\/vc_column][\/vc_row][vc_row content_placement=&#8221;middle&#8221;][vc_column css=&#8221;.vc_custom_1723555063013{padding-top: 60px !important;padding-right: 30px !important;padding-bottom: 20px !important;padding-left: 30px !important;}&#8221;][vc_custom_heading text=&#8221;Espresso&#8221; font_container=&#8221;tag:p|font_size:48|text_align:center|color:%23000000|line_height:1&#8243; google_fonts=&#8221;font_family:Raleway%3A100%2C200%2C300%2Cregular%2C500%2C600%2C700%2C800%2C900|font_style:800%20bold%20regular%3A800%3Anormal&#8221; css=&#8221;.vc_custom_1723595458470{padding-top: 0px !important;padding-right: 0px !important;padding-bottom: 0px !important;padding-left: 0px !important;}&#8221;][vc_custom_heading text=&#8221;Un cl\u00e1sico italiano&#8221; font_container=&#8221;tag:p|font_size:28|text_align:center|color:%23000000|line_height:1&#8243; google_fonts=&#8221;font_family:Raleway%3A100%2C200%2C300%2Cregular%2C500%2C600%2C700%2C800%2C900|font_style:500%20bold%20regular%3A500%3Anormal&#8221; css=&#8221;.vc_custom_1723595488181{padding-top: 0px !important;padding-right: 0px !important;padding-bottom: 0px !important;padding-left: 0px !important;}&#8221;][vc_column_text css=&#8221;.vc_custom_1723595309202{padding-top: 30px !important;padding-right: 40px !important;padding-bottom: 30px !important;padding-left: 40px !important;}&#8221;]<\/p>\n<p class=\"p1\" style=\"text-align: center;\">Su mismo nombre ya lo dice: un espresso <b>se prepara al momento, y se saborea enseguida.<\/b><br \/>\nSe consigue haciendo pasar durante 25-30 segundos un chorro de agua caliente a presi\u00f3n (9 o m\u00e1s atm\u00f3sferas)<br \/>\na trav\u00e9s de una capa de 7 gramos fina y prensada de caf\u00e9 molido.<b> El resultado es un concentrado de no m\u00e1s de 30 ml de puro placer gustativo.<\/b><\/p>\n<p class=\"p1\" style=\"text-align: center;\">Para los expertos, el espresso es la quintaesencia del caf\u00e9: la preparaci\u00f3n que exalta la riqueza de notas arom\u00e1ticas,<br \/>\nuni\u00e9ndolas a las sensaciones aterciopeladas de la crema. Un espresso perfecto es un peque\u00f1o milagro de la qu\u00edmica y la f\u00edsica,<br \/>\nel producto de <b>la uni\u00f3n entre ciencia y arte.<\/b>[\/vc_column_text][\/vc_column][\/vc_row][vc_row content_placement=&#8221;middle&#8221; css=&#8221;.vc_custom_1712847875279{padding-top: 0px !important;}&#8221;][vc_column width=&#8221;1\/4&#8243; css=&#8221;.vc_custom_1724191279903{padding-top: 20px !important;padding-right: 0px !important;padding-bottom: 0px !important;padding-left: 10px !important;}&#8221;][vc_custom_heading text=&#8221;CAPPUCCINO&#8221; font_container=&#8221;tag:p|font_size:22|text_align:center|color:%23fb1920|line_height:1&#8243; google_fonts=&#8221;font_family:Raleway%3A100%2C200%2C300%2Cregular%2C500%2C600%2C700%2C800%2C900|font_style:800%20bold%20regular%3A800%3Anormal&#8221; css=&#8221;.vc_custom_1718155842866{padding-bottom: 0px !important;padding-left: px !important;}&#8221;][vc_single_image image=&#8221;25695&#8243; img_size=&#8221;medium&#8221; alignment=&#8221;center&#8221; onclick=&#8221;custom_link&#8221; link=&#8221;https:\/\/vanacity.com\/capuccino\/&#8221;][\/vc_column][vc_column width=&#8221;1\/4&#8243; css=&#8221;.vc_custom_1724191272236{padding-top: 20px !important;padding-left: 10px !important;}&#8221;][vc_custom_heading text=&#8221;MOKA&#8221; font_container=&#8221;tag:p|font_size:22|text_align:center|color:%23fb1920|line_height:1&#8243; google_fonts=&#8221;font_family:Raleway%3A100%2C200%2C300%2Cregular%2C500%2C600%2C700%2C800%2C900|font_style:800%20bold%20regular%3A800%3Anormal&#8221; css=&#8221;.vc_custom_1718155856491{padding-bottom: 0px !important;padding-left: 0px !important;}&#8221;][vc_single_image image=&#8221;25922&#8243; img_size=&#8221;medium&#8221; alignment=&#8221;center&#8221; onclick=&#8221;custom_link&#8221; link=&#8221;https:\/\/vanacity.com\/moka\/&#8221;][\/vc_column][vc_column width=&#8221;1\/4&#8243; css=&#8221;.vc_custom_1718153434207{padding-top: 20px !important;padding-left: 10px !important;}&#8221;][vc_custom_heading text=&#8221;CAF\u00c9 FILTRO&#8221; font_container=&#8221;tag:p|font_size:22|text_align:center|color:%23fb1920|line_height:1&#8243; google_fonts=&#8221;font_family:Raleway%3A100%2C200%2C300%2Cregular%2C500%2C600%2C700%2C800%2C900|font_style:800%20bold%20regular%3A800%3Anormal&#8221; css=&#8221;.vc_custom_1718155872406{padding-bottom: 0px !important;padding-left: px !important;}&#8221;][vc_single_image image=&#8221;25698&#8243; img_size=&#8221;medium&#8221; alignment=&#8221;center&#8221; onclick=&#8221;custom_link&#8221; link=&#8221;https:\/\/vanacity.com\/cafe-filtro\/&#8221;][\/vc_column][vc_column width=&#8221;1\/4&#8243; css=&#8221;.vc_custom_1724191316274{padding-top: 20px !important;padding-left: 10px !important;}&#8221;][vc_custom_heading text=&#8221;FRENCH PRESS&#8221; font_container=&#8221;tag:p|font_size:22|text_align:center|color:%23fb1920|line_height:1&#8243; google_fonts=&#8221;font_family:Raleway%3A100%2C200%2C300%2Cregular%2C500%2C600%2C700%2C800%2C900|font_style:800%20bold%20regular%3A800%3Anormal&#8221; css=&#8221;.vc_custom_1724190642190{padding-bottom: 0px !important;padding-left: px !important;}&#8221;][vc_single_image image=&#8221;26217&#8243; img_size=&#8221;medium&#8221; alignment=&#8221;center&#8221; onclick=&#8221;custom_link&#8221; link=&#8221;https:\/\/vanacity.com\/french\/&#8221;][\/vc_column][\/vc_row]<\/p>\n<\/div>","protected":false},"excerpt":{"rendered":"<p>[vc_row video_bg=&#8221;yes&#8221; video_bg_url=&#8221;https:\/\/www.youtube.com\/watch?v=3ukhtdLR7YQ&#8221;][vc_column css=&#8221;.vc_custom_1728335584832{padding-top: 200px !important;padding-bottom: 200px !important;}&#8221;][\/vc_column][\/vc_row][vc_row content_placement=&#8221;middle&#8221;][vc_column css=&#8221;.vc_custom_1723555063013{padding-top: 60px !important;padding-right: 30px !important;padding-bottom: 20px !important;padding-left: 30px !important;}&#8221;][vc_custom_heading text=&#8221;Espresso&#8221; font_container=&#8221;tag:p|font_size:48|text_align:center|color:%23000000|line_height:1&#8243; google_fonts=&#8221;font_family:Raleway%3A100%2C200%2C300%2Cregular%2C500%2C600%2C700%2C800%2C900|font_style:800%20bold%20regular%3A800%3Anormal&#8221; css=&#8221;.vc_custom_1723595458470{padding-top: 0px !important;padding-right: 0px !important;padding-bottom: 0px !important;padding-left: 0px !important;}&#8221;][vc_custom_heading text=&#8221;Un cl\u00e1sico italiano&#8221; font_container=&#8221;tag:p|font_size:28|text_align:center|color:%23000000|line_height:1&#8243; google_fonts=&#8221;font_family:Raleway%3A100%2C200%2C300%2Cregular%2C500%2C600%2C700%2C800%2C900|font_style:500%20bold%20regular%3A500%3Anormal&#8221; css=&#8221;.vc_custom_1723595488181{padding-top: 0px !important;padding-right: 0px !important;padding-bottom: 0px !important;padding-left: 0px !important;}&#8221;][vc_column_text css=&#8221;.vc_custom_1723595309202{padding-top: 30px !important;padding-right: 40px !important;padding-bottom: 30px !important;padding-left: 40px !important;}&#8221;] Su mismo [&hellip;]<\/p>\n","protected":false},"author":1,"featured_media":0,"parent":0,"menu_order":0,"comment_status":"closed","ping_status":"closed","template":"","meta":{"_joinchat":[],"footnotes":""},"class_list":["post-25692","page","type-page","status-publish","hentry"],"_links":{"self":[{"href":"https:\/\/i9.intersys.uy\/~decomuy\/wp-json\/wp\/v2\/pages\/25692","targetHints":{"allow":["GET"]}}],"collection":[{"href":"https:\/\/i9.intersys.uy\/~decomuy\/wp-json\/wp\/v2\/pages"}],"about":[{"href":"https:\/\/i9.intersys.uy\/~decomuy\/wp-json\/wp\/v2\/types\/page"}],"author":[{"embeddable":true,"href":"https:\/\/i9.intersys.uy\/~decomuy\/wp-json\/wp\/v2\/users\/1"}],"replies":[{"embeddable":true,"href":"https:\/\/i9.intersys.uy\/~decomuy\/wp-json\/wp\/v2\/comments?post=25692"}],"version-history":[{"count":77,"href":"https:\/\/i9.intersys.uy\/~decomuy\/wp-json\/wp\/v2\/pages\/25692\/revisions"}],"predecessor-version":[{"id":26774,"href":"https:\/\/i9.intersys.uy\/~decomuy\/wp-json\/wp\/v2\/pages\/25692\/revisions\/26774"}],"wp:attachment":[{"href":"https:\/\/i9.intersys.uy\/~decomuy\/wp-json\/wp\/v2\/media?parent=25692"}],"curies":[{"name":"wp","href":"https:\/\/api.w.org\/{rel}","templated":true}]}}