{"id":25659,"date":"2024-06-11T14:56:03","date_gmt":"2024-06-11T14:56:03","guid":{"rendered":"https:\/\/trazocreativos.com\/illy\/?page_id=25659"},"modified":"2024-06-12T00:04:37","modified_gmt":"2024-06-12T00:04:37","slug":"condiciones","status":"publish","type":"page","link":"https:\/\/i9.intersys.uy\/~decomuy\/condiciones\/","title":{"rendered":"CONDICIONES"},"content":{"rendered":"\n<p><strong>CONDICIONES DE VENTAS<\/strong><\/p>\n\n\n\n<p>Las presentes condiciones establecen un acuerdo legalmente vinculante entre nosotros y Usted, protegiendo sus derechos como cliente y los nuestros como empresa.<\/p>\n\n\n\n<p>Las compras que realice en&nbsp;<strong><em>Chef Selection E-shop<\/em><\/strong>&nbsp;ser\u00e1n facturadas en nombre de&nbsp;<strong><em>VANACITY S.A<\/em>.,&nbsp;<\/strong>empresa responsable de la gesti\u00f3n de dicha tienda.<\/p>\n\n\n\n<p>VANACITY S.A no conservar\u00e1 una copia de las presentes condiciones, por lo que le recomendamos que conserve Usted una copia de estas en cada compra.<\/p>\n\n\n\n<p><\/p>\n\n\n\n<div style=\"height:40px\" aria-hidden=\"true\" class=\"wp-block-spacer\"><\/div>\n\n\n\n<p><strong>PEDIDOS<\/strong><\/p>\n\n\n\n<p>Al realizar Usted un pedido en&nbsp;<strong><em>Chef Selection<\/em><\/strong>&nbsp;<strong><em>E-Shop<\/em><\/strong>implica que acepta de forma plena y entera los precios, la descripci\u00f3n de los productos a la venta y las condiciones generales de la misma, que ser\u00e1n las \u00fanicas aplicables al contrato as\u00ed concluido.<\/p>\n\n\n\n<p>Usted se compromete a hacer uso del sitio web para realizar consultas o pedidos legalmente v\u00e1lidos.<\/p>\n\n\n\n<p>Usted tambi\u00e9n se obliga a facilitarnos de manera cierta y correcta su direcci\u00f3n de correo electr\u00f3nico, direcci\u00f3n postal y\/u otros datos de contacto, declarando conocer que podemos hacer uso de esta informaci\u00f3n para ponernos en contacto con usted si es necesario, de acuerdo con nuestra Pol\u00edtica de Privacidad. Si usted no nos facilita correctamente toda la informaci\u00f3n que necesitamos, no podremos cursar su pedido correctamente. Usted podr\u00e1 identificar errores en los datos facilitados en los correos de confirmaci\u00f3n que le enviemos y, en su caso corregirlos escribiendo por correo electr\u00f3nico a eshop@vanacity.com o llamando por tel\u00e9fono al&nbsp;+598 27079955.<\/p>\n\n\n\n<p>Al realizar un pedido en nuestra tienda online, Usted nos garantiza que est\u00e1 plenamente autorizado para utilizar la correspondiente tarjeta de cr\u00e9dito a trav\u00e9s de nuestra pasarela de pagos. S\u00f3lo las personas con la capacidad jur\u00eddica necesaria para suscribir contratos relativos a la clase de bienes y servicios propuestos en esta p\u00e1gina web pueden realizar pedidos en la misma.<\/p>\n\n\n\n<p>La empresa se reserva el derecho de retirar cualquier producto del sitio web en cualquier momento y\/o a quitar o modificar cualquier material o contenido de este. No seremos responsables frente a Usted o frente a cualquier tercero por el hecho de retirar cualquier producto de nuestra tienda virtual.<\/p>\n\n\n\n<div style=\"height:42px\" aria-hidden=\"true\" class=\"wp-block-spacer\"><\/div>\n\n\n\n<p><strong><strong>DISPONIBILIDAD<\/strong><\/strong><\/p>\n\n\n\n<p>Todos los pedidos est\u00e1n sujetos a la disponibilidad de los correspondientes productos solicitados. En caso de existir dificultades en cuanto a su suministro, o presentarse faltantes de stock, nos reservamos el derecho de facilitarle informaci\u00f3n acerca de productos sustitutivos de calidad y valor igual o superior que Usted podr\u00e1 encargar en reemplazo de su pedido original. Si no desea hacer un pedido de esos productos sustitutivos, le reembolsaremos lo abonado.<\/p>\n\n\n\n<div style=\"height:42px\" aria-hidden=\"true\" class=\"wp-block-spacer\"><\/div>\n\n\n\n<p><strong>ENTREGA<\/strong><\/p>\n\n\n\n<p><em><strong>Chef Selection\u00a0<\/strong><\/em><strong><em>E-Shop<\/em><\/strong> se compromete a entregar los productos en perfecto estado en la direcci\u00f3n de entrega que usted se\u00f1ale en el formulario de compra, siempre y cuando no se produzcan situaciones que puedan demorar, retener u obstaculizar la entrega, por motivos ajenos a la empresa y que tengan relaci\u00f3n con empresas intermediarias u organismos p\u00fablicos intervinientes en el proceso de entrega.<\/p>\n\n\n\n<p>Consulte el apartado&nbsp;<strong>plazos de entrega<\/strong>&nbsp;para conocer el tiempo estimado de entrega de un pedido.<\/p>\n\n\n\n<p>Usted puede realizar el seguimiento de su pedido para saber d\u00f3nde se encuentra el mismo, a trav\u00e9s de las siguientes p\u00e1ginas web, seg\u00fan el servicio de entrega utilizado:<\/p>\n\n\n\n<p>Recibir\u00e1 un mensaje de seguimiento de parte del prestador del servicio.<\/p>\n\n\n\n<p><strong>Mirtrans (para entregas en Montevideo e interior del pa\u00eds, en 24 \u2013 72 horas):<\/strong><\/p>\n\n\n\n<p><a href=\"https:\/\/cargopostal.uy\/PostalNetClientes\/faces\/ee602.jsp\">https:\/\/cargopostal.uy\/PostalNetClientes\/faces\/ee602.jsp<\/a><\/p>\n\n\n\n<p>Tambi\u00e9n puede consultarnos a nuestro servicio de post-venta, mediante correo electr\u00f3nico a la direcci\u00f3n eshop@vanacity.com<\/p>\n\n\n\n<p>En caso de ausencia del destinatario en el momento de la entrega, el transportista dejar\u00e1 un aviso indicando c\u00f3mo proceder para concretar la misma.<\/p>\n\n\n\n<p>Los importes derivados de los env\u00edos de los art\u00edculos adquiridos NO quedar\u00e1n reflejados en el momento final de la compra y depender\u00e1n del destino y peso aproximado de la compra. Consulte el apartado&nbsp;<strong>gastos de env\u00edo&nbsp;<\/strong>para obtener m\u00e1s informaci\u00f3n.&nbsp;<strong><em>Chef Selection<\/em><\/strong>&nbsp;<strong><em>E-Shop<\/em><\/strong>&nbsp;se reserva el derecho de modificar estas condiciones.<\/p>\n\n\n\n<p>A efectos de las presentes Condiciones, se entender\u00e1 que se ha producido la \u201centrega\u201d o que el\/los producto\/s han sido \u201centregado\/s\u201d en el momento en el que Ud. firma la recepci\u00f3n de los mismos.<\/p>\n\n\n\n<p>Aunque haremos lo posible para tramitar siempre todos los pedidos, puede haber circunstancias excepcionales que nos impidan la tramitaci\u00f3n de alguno de ellos luego de haber enviado la Confirmaci\u00f3n de compra. En este caso, procederemos al reembolso total del importe abonado por Usted.<\/p>\n\n\n\n<div style=\"height:42px\" aria-hidden=\"true\" class=\"wp-block-spacer\"><\/div>\n\n\n\n<p><strong class=\"privacy-policy-tutorial\"><strong><strong>PLAZOS DE ENTREGA<\/strong><\/strong> <\/strong><\/p>\n\n\n\n<p>Por norma general los plazos de entrega var\u00edan en funci\u00f3n del d\u00eda y hora en que se realice el pedido y el lugar desde donde se lo solicita.<\/p>\n\n\n\n<p>Ser\u00e1n de aplicaci\u00f3n las siguientes condiciones:<\/p>\n\n\n\n<p>Por lo que el plazo de entrega debe calcularse a partir del d\u00eda y hora de gesti\u00f3n antes mencionado, considerando adicionar los siguientes plazos estimativos detallados en la siguiente\u00a0tabla.<\/p>\n\n\n\n<figure class=\"wp-block-table\"><table><tbody><tr><td><strong>Lugar de entrega<\/strong><\/td><td><strong>Plazo de entrega<\/strong><\/td><\/tr><tr><td>Montevideo\/Maldonado<\/td><td>Entre 24-48 horas<\/td><\/tr><tr><td>Interior del Pa\u00eds<\/td><td>Entre 48-72 horas<\/td><\/tr><\/tbody><\/table><\/figure>\n\n\n\n<p>Todos los plazos son promedios, y por tanto una estimaci\u00f3n. Por ello, es posible que var\u00eden por razones log\u00edsticas o de fuerza mayor, y en algunas ocasiones que los plazos de entrega sean menores.<\/p>\n\n\n\n<div style=\"height:42px\" aria-hidden=\"true\" class=\"wp-block-spacer\"><\/div>\n\n\n\n<p><strong><strong>PRECIOS<\/strong><\/strong><\/p>\n\n\n\n<p>Todos los precios expresados en la tienda, corresponden a D\u00f3lares Americanos (USD).<\/p>\n\n\n\n<p>Al momento de cerrar su carrito de compra, podr\u00e1 elegir la opci\u00f3n de pagar en nuestra moneda local, Pesos uruguayos. El sistema calcular\u00e1 el importe en USD al cambio del d\u00eda (seg\u00fan tasa fijada por el BCU).<\/p>\n\n\n\n<p><em><strong>Chef Selection\u00a0<\/strong><\/em><strong><em>E-Shop<\/em><\/strong>se reserva el derecho de modificar en cualquier momento los precios de venta que figuran en la tienda. Los art\u00edculos se facturar\u00e1n en base a las tarifas en vigor en el momento en el que se registre el pedido.<\/p>\n\n\n\n<div style=\"height:42px\" aria-hidden=\"true\" class=\"wp-block-spacer\"><\/div>\n\n\n\n<p><strong><strong>FORMAS DE PAGO<\/strong><\/strong><\/p>\n\n\n\n<p>El pago de los pedidos podr\u00e1 efectuarse a trav\u00e9s de nuestra pasarela de pagos y las correspondientes tarjetas de cr\u00e9dito u otros m\u00e9todos legales en Uruguay, disponible en el mismo sitio web.<\/p>\n\n\n\n<p><em><strong>Chef Selection&nbsp;<\/strong><\/em><strong><em>E-Shop<\/em><\/strong>se reserva el derecho a cambiar las modalidades de pago, pudiendo crear nuevas o eliminar alguna de las existentes, sin que el usuario\/cliente pueda realizar reclamaciones por este motivo. No obstante, si el cambio en la modalidad de pago afectase a un pedido ya realizado, nos pondr\u00edamos en contacto con el cliente para informarle de dicho cambio, ofreci\u00e9ndole la opci\u00f3n de cancelar el pedido si lo considerase conveniente.<\/p>\n\n\n\n<p>Si utiliza la tarjeta de cr\u00e9dito como medio de pago a trav\u00e9s de nuestra pasarela de pagos autorizada (Mercado Pagos), la misma&nbsp;estar\u00e1 sujeta a comprobaciones y autorizaciones por parte de la entidad emisora de la misma, pero si dicha entidad no autorizase el pago no nos haremos responsables por ning\u00fan retraso o falta de entrega y no podremos formalizar ning\u00fan Contrato con Usted.<\/p>\n\n\n\n<p><em><strong>Chef Selection\u00a0<\/strong><\/em><strong><em>E-Shop<\/em><\/strong>se reserva el derecho de verificar los datos personales suministrados por el cliente y adoptar las medidas que estime oportunas (incluida la cancelaci\u00f3n del pedido) para garantizar el cumplimiento de las presentes condiciones.<\/p>\n\n\n\n<div style=\"height:42px\" aria-hidden=\"true\" class=\"wp-block-spacer\"><\/div>\n\n\n\n<p><strong><strong><strong><strong>GASTOS DE ENV\u00cdO<\/strong><\/strong><\/strong><\/strong><\/p>\n\n\n\n<p>De acuerdo al plazo de entrega que usted elija (ver apartado m\u00e1s arriba):<\/p>\n\n\n\n<p><strong>Env\u00edo Montevideo\/Maldonado compras mayores a $ 1.000:&nbsp;<u>sin cargo<\/u>, gratis.<\/strong><\/p>\n\n\n\n<p><strong>Env\u00edo Montevideo\/Maldonado compras menores a $ 1.000:&nbsp;<u>con cargo, $ 150<\/u>&nbsp;<\/strong>, el costo de env\u00edo se abonar\u00e1 en el momento de entrega&nbsp;.<\/p>\n\n\n\n<p><strong>Env\u00edo al Interior\u00a0<\/strong><strong>:\u00a0<\/strong>el despacho en Montevideo es sin costo, el costo de envi\u00f3 depende de la agencia.<\/p>\n\n\n\n<p><\/p>\n\n\n\n<div style=\"height:60px\" aria-hidden=\"true\" class=\"wp-block-spacer\"><\/div>\n\n\n\n<h2 class=\"wp-block-heading\"><strong><strong>CANCELACIONES Y DEVOLUCIONES<\/strong><\/strong><\/h2>\n\n\n\n<div style=\"height:30px\" aria-hidden=\"true\" class=\"wp-block-spacer\"><\/div>\n\n\n\n<p><strong>Cancelaci\u00f3n y Desistimiento<\/strong><\/p>\n\n\n\n<p>El cliente puede cancelar su pedido, siendo condici\u00f3n necesaria notificar su cancelaci\u00f3n mediante correo electr\u00f3nico a eshop@vanacity.com. Si el pedido ya ha sido recibido, usted cuenta con 72 horas desde que lo recibe para desistir de su compra.<\/p>\n\n\n\n<p>S\u00f3lo se aceptar\u00e1n devoluciones que cumplan los siguientes requisitos:<\/p>\n\n\n\n<p>\u2013 El producto debe estar en el mismo estado en que se entreg\u00f3, sin uso alguno y deber\u00e1 conservar su embalaje y etiquetado original.<\/p>\n\n\n\n<p>\u2013 El reenv\u00edo debe hacerse usando la misma caja protectora de cart\u00f3n en que ha sido recibido para proteger el producto.<\/p>\n\n\n\n<p>\u2013 La devoluci\u00f3n de su pedido debe realizarse, en cualquier caso, dentro del plazo de 72 hs desde que recibi\u00f3 la mercader\u00eda.<\/p>\n\n\n\n<p>Tras examinar el art\u00edculo le comunicaremos si tiene derecho a la devoluci\u00f3n de las cantidades abonadas por el\/los art\u00edculos comprado\/s.<\/p>\n\n\n\n<p>No proceder\u00e1 el cambio o devoluci\u00f3n de aquellos productos que no est\u00e9n en las mismas condiciones en las que los recibi\u00f3, o que hayan sido usados m\u00e1s all\u00e1 de la mera apertura del producto.<\/p>\n\n\n\n<p>S\u00f3lo se le devolver\u00e1 el importe del\/los art\u00edculo\/s, nunca el de los gastos de env\u00edo \u00f3 cualquier gasto financiero generado durante la gesti\u00f3n de su compra.<\/p>\n\n\n\n<p>La devoluci\u00f3n del monto abonado se efectuar\u00e1 en la misma tarjeta de cr\u00e9dito que se utiliz\u00f3 para pagar la compra.<\/p>\n\n\n\n<div style=\"height:40px\" aria-hidden=\"true\" class=\"wp-block-spacer\"><\/div>\n\n\n\n<p><strong>Devoluciones por defectos<\/strong><\/p>\n\n\n\n<p>En los casos en que usted considere que en el momento de la entrega el producto no se ajusta a lo estipulado en el Contrato, deber\u00e1 ponerse en contacto con nosotros de forma inmediata a trav\u00e9s del correo electr\u00f3nico eshop@vanacity.com, antes de los&nbsp;7 d\u00edas&nbsp;&nbsp;transcurridos luego de recibido el producto.<\/p>\n\n\n\n<p>En dicho correo debe facilitar indicando sus datos, el n\u00famero de su factura de compra, los datos del producto y la anomal\u00eda detectada. En algunos casos podremos solicitarle que nos env\u00ede una foto de los desperfectos.<\/p>\n\n\n\n<p>Una vez recibida la notificaci\u00f3n nos pondremos en contacto con usted para informarle si es posible la devoluci\u00f3n y sobre c\u00f3mo debe proceder para la misma.<\/p>\n\n\n\n<p>Una vez recibida la mercader\u00eda a devolver, procederemos a examinar detenidamente el producto devuelto y le comunicaremos por e-mail dentro de un plazo razonable si procede la devoluci\u00f3n o sustituci\u00f3n del mismo (en su caso). La devoluci\u00f3n o sustituci\u00f3n del art\u00edculo se efectuar\u00e1 lo antes posible y, en cualquier caso, dentro de los 30 d\u00edas siguientes a la fecha en la que se le haya enviado un correo electr\u00f3nico confirmando que se procede a la devoluci\u00f3n o sustituci\u00f3n del art\u00edculo no conforme.<\/p>\n\n\n\n<p>En el caso de que no se pueda sustituir el o los productos, las cantidades pagadas por aquellos productos que sean devueltos a causa de alg\u00fan defecto, cuando realmente exista, le ser\u00e1n reembolsadas \u00edntegra&nbsp;mente,<\/p>\n\n\n\n<p>incluidos los gastos de entrega incurridos para entregarle el art\u00edculo y los costos en que usted hubiera incurrido para devolv\u00e9rnoslo a nosotros.<\/p>\n\n\n\n<p>En el caso de devoluciones parciales (es decir, aquellas en las que se devuelvan art\u00edculos que fueron adquiridos en un pedido junto con otros art\u00edculos) \u00fanicamente se reembolsar\u00e1 el precio de los art\u00edculos devueltos.<\/p>\n\n\n\n<p>La devoluci\u00f3n se efectuar\u00e1 en la misma tarjeta de cr\u00e9dito que se utiliz\u00f3 para pagar la compra.<\/p>\n\n\n\n<p>Las disposiciones antes descritas no afectan a los derechos reconocidos al consumidor por la legislaci\u00f3n vigente en territorio uruguayo (Ley de Defensa del Consumidor del Uruguay N\u00b0 17250).<\/p>\n\n\n\n<div style=\"height:59px\" aria-hidden=\"true\" class=\"wp-block-spacer\"><\/div>\n\n\n\n<h2 class=\"wp-block-heading\"><strong class=\"privacy-policy-tutorial\"><strong><strong>GARANT\u00cdAS DE LOS ADQUIRIDO<\/strong><\/strong><\/strong>S<\/h2>\n\n\n\n<div style=\"height:30px\" aria-hidden=\"true\" class=\"wp-block-spacer\"><\/div>\n\n\n\n<p>Son v\u00e1lidas las garant\u00edas particulares que ofrecen cada una de las empresas y marcas que&nbsp;<em><strong>Chef Selection&nbsp;<\/strong><\/em><strong><em>E-Shop<\/em><\/strong>pone a su disposici\u00f3n en funci\u00f3n del producto adquirido.<\/p>\n\n\n\n<p>En el caso de existir un defecto de fabricaci\u00f3n,<em>&nbsp;<\/em><em><strong>Chef Selection&nbsp;<\/strong><\/em><strong><em>E-Shop<\/em><\/strong>se har\u00e1 responsable de los costos de devoluci\u00f3n.<\/p>\n\n\n\n<p>El art\u00edculo a devolver deber\u00e1 estar correctamente embalado para su devoluci\u00f3n, as\u00ed como el embalaje debe encontrarse en perfecto estado y conservar todos sus accesorios e instrucciones de origen.<\/p>\n\n\n\n<p>Las instrucciones para el correcto uso o instalaci\u00f3n del producto, as\u00ed como la documentaci\u00f3n de garant\u00eda incluida por los fabricantes, son de obligada lectura por el comprador.<\/p>\n\n\n\n<p>La garant\u00eda perder\u00e1 su vigencia en caso de defectos o deterioros causados por factores externos, accidentes, desgaste, instalaci\u00f3n o mal uso del producto, manipulaci\u00f3n indebida o utilizaci\u00f3n no conforme a las instrucciones del Proveedor.<\/p>\n\n\n\n<p>Quedan tambi\u00e9n excluidos de la garant\u00eda los productos modificados o reparados por el cliente o cualquier otra persona no autorizada por el proveedor.<\/p>\n\n\n\n<p>Para cualquier pregunta o solicitud de informaci\u00f3n, puede ponerse en contacto con nuestro servicio de post-venta mediante correo electr\u00f3nico a la direcci\u00f3n info@vanacity.com.<\/p>\n\n\n\n<div style=\"height:60px\" aria-hidden=\"true\" class=\"wp-block-spacer\"><\/div>\n\n\n\n<h2 class=\"wp-block-heading\"><strong>RESPONSABILIDAD Y EXONERACI\u00d3N DE RESPONSABILIDAD<\/strong><\/h2>\n\n\n\n<div style=\"height:30px\" aria-hidden=\"true\" class=\"wp-block-spacer\"><\/div>\n\n\n\n<p>Las fotograf\u00edas y los textos reproducidos que presentan los productos ofertados tienen car\u00e1cter meramente informativo.<\/p>\n\n\n\n<p>La responsabilidad de&nbsp;<em><strong>Chef Selection&nbsp;<\/strong><\/em><strong><em>E-Shop<\/em><\/strong>en relaci\u00f3n con cualquier producto adquirido en la tienda virtual estar\u00e1 limitada estrictamente, en cualquier caso, al precio de compra de dicho producto y no se ver\u00e1 comprometida por simples errores u omisiones que hayan podido tener lugar, cuando se hayan tomado todas las precauciones necesarias en la presentaci\u00f3n de los productos.<\/p>\n\n\n\n<p><em><strong>Chef Selection&nbsp;<\/strong><\/em><strong><em>E-Shop&nbsp;<\/em><\/strong>no produce los art\u00edculos que comercializa y, por lo tanto, no podr\u00e1 ser considerada responsable de los da\u00f1os, sea cual sea su naturaleza, tanto materiales como no materiales o corporales, que pudieran resultar de un funcionamiento o uso inadecuado de los productos comercializados. Lo mismo se aplica a las posibles modificaciones realizadas a los productos por parte de los proveedores de los mismos&nbsp;.<\/p>\n\n\n\n<p><em><strong>Chef Selection&nbsp;<\/strong><\/em><strong><em>E-Shop<\/em><\/strong>&nbsp;no podr\u00e1 ser considerada responsable por un cliente o un tercero de da\u00f1os indirectos, p\u00e9rdidas de explotaci\u00f3n o lucro cesante ocurridos por el medio que fuera, aunque dicho da\u00f1o, p\u00e9rdida o perjuicio hubiera sido previsible por la empresa o si su eventualidad hubiera sido puesta en su conocimiento.<\/p>\n\n\n\n<p>A reserva de lo dispuesto en los p\u00e1rrafos precedentes, la responsabilidad de&nbsp;<em><strong>Chef Selection&nbsp;<\/strong><\/em><strong><em>E-Shop<\/em><\/strong>en virtud de las presentes condiciones generales no podr\u00e1 exceder a un importe igual a las sumas pagadas tras la transacci\u00f3n que se encuentre en el origen de dicha responsabilidad, sea cual sea la causa o la forma de la acci\u00f3n en cuesti\u00f3n.<\/p>\n\n\n\n<p><em><strong>Chef Selection&nbsp;<\/strong><\/em><strong><em>E-Shop<\/em><\/strong>no podr\u00e1 ser considerada responsable del incumplimiento del contrato suscrito en caso de agotamiento de las existencias o de no disponibilidad del producto, de causa de fuerza mayor, de interrupci\u00f3n de la actividad o huelga total o parcial, en especial, de los servicios postales y medios de transporte o comunicaciones, inundaciones o incendio.<\/p>\n\n\n\n<p>Lo dispuesto en la presente cl\u00e1usula no afectar\u00e1 sus derechos reconocidos por ley en calidad de consumidor, ni a su derecho de desistir del contrato.<\/p>\n\n\n\n<p><strong><u>COMUNICACIONES POR ESCRITO Y NOTIFICACIONES<\/u><\/strong><\/p>\n\n\n\n<p>A efectos contractuales, Usted consiente en utilizar el correo electr\u00f3nico como medio de comunicaci\u00f3n y reconoce que todo contrato, notificaci\u00f3n, informaci\u00f3n y dem\u00e1s comunicaciones que le enviemos de forma electr\u00f3nica, cumplen con los requisitos legales de ser por escrito.<\/p>\n\n\n\n<p>Las notificaciones que usted nos env\u00ede deber\u00e1n enviarse preferiblemente a trav\u00e9s de nuestro correo electr\u00f3nico de contacto. Con arreglo a lo anteriormente dispuesto y salvo que se estipule lo contrario, le podremos enviar comunicaciones bien al e-mail o bien a la direcci\u00f3n postal facilitada por usted a la hora de realizar un pedido.<\/p>\n\n\n\n<p><strong><u>COMENTARIOS Y SUGERENCIAS<\/u><\/strong><\/p>\n\n\n\n<p>Estaremos encantados de recibir sus comentarios y sugerencias y a tal efecto le facilitamos la direcci\u00f3n de correo electr\u00f3nico: eshop@vanacity.com.<\/p>\n\n\n\n<p><strong><u>POLITICA DE PRIVACIDAD<\/u><\/strong><\/p>\n\n\n\n<p><em><strong>Chef Selection&nbsp;<\/strong><\/em><strong><em>E-Shop<\/em><\/strong>le informa de que sus datos personales ser\u00e1n incorporados a nuestra base de datos cuya finalidad es el registro de nuestros clientes, as\u00ed como tambi\u00e9n para la comunicaci\u00f3n peri\u00f3dica de informaci\u00f3n, publicidad, y\/o datos similares relativos a la empresa, productos y servicios, a lo que Usted consiente de forma expresa.<\/p>\n\n\n\n<p>Podr\u00e1 Usted revocar en cualquier momento dicho consentimiento, as\u00ed como ejercer sus derechos de acceso, de rectificaci\u00f3n, de cancelaci\u00f3n y de oposici\u00f3n en lo relativo a sus datos de car\u00e1cter personal mediante un correo electr\u00f3nico dirigido a info@vanacity.com.<\/p>\n\n\n\n<div style=\"height:60px\" aria-hidden=\"true\" class=\"wp-block-spacer\"><\/div>\n\n\n\n<h2 class=\"wp-block-heading\"><strong>LEY APLICABLE Y FUERO<\/strong><\/h2>\n\n\n\n<div style=\"height:30px\" aria-hidden=\"true\" class=\"wp-block-spacer\"><\/div>\n\n\n\n<p>Los presentes t\u00e9rminos y condiciones se encuentran regidos sin excepci\u00f3n y en todos sus puntos por las leyes de la Rep\u00fablica Oriental del Uruguay y ser\u00e1n interpretados de acuerdo a ellas.<\/p>\n\n\n\n<p>Tanto&nbsp;<em><strong>Chef Selection&nbsp;<\/strong><\/em><strong><em>E-Shop<\/em><\/strong>como el Usuario se comprometen a intentar resolver de manera amistosa cualquier desacuerdo que pudiera surgir en el desarrollo de las relaciones mercantiles que les son propias.<\/p>\n\n\n\n<p>Para la soluci\u00f3n de cuantas cuestiones litigiosas pudieran derivarse del desarrollo de las relaciones mercantiles que les son propias, ambas partes acuerdan someterse a la jurisdicci\u00f3n de los Juzgados y Tribunales de Montevideo (capital) con competencia en la materia.<\/p>\n\n\n\n<div style=\"height:60px\" aria-hidden=\"true\" class=\"wp-block-spacer\"><\/div>\n","protected":false},"excerpt":{"rendered":"<p>CONDICIONES DE VENTAS Las presentes condiciones establecen un acuerdo legalmente vinculante entre nosotros y Usted, protegiendo sus derechos como cliente y los nuestros como empresa. Las compras que realice en&nbsp;Chef Selection E-shop&nbsp;ser\u00e1n facturadas en nombre de&nbsp;VANACITY S.A.,&nbsp;empresa responsable de la gesti\u00f3n de dicha tienda. VANACITY S.A no conservar\u00e1 una copia de las presentes condiciones, por [&hellip;]<\/p>\n","protected":false},"author":1,"featured_media":0,"parent":0,"menu_order":0,"comment_status":"closed","ping_status":"closed","template":"","meta":{"_joinchat":[],"footnotes":""},"class_list":["post-25659","page","type-page","status-publish","hentry"],"_links":{"self":[{"href":"https:\/\/i9.intersys.uy\/~decomuy\/wp-json\/wp\/v2\/pages\/25659","targetHints":{"allow":["GET"]}}],"collection":[{"href":"https:\/\/i9.intersys.uy\/~decomuy\/wp-json\/wp\/v2\/pages"}],"about":[{"href":"https:\/\/i9.intersys.uy\/~decomuy\/wp-json\/wp\/v2\/types\/page"}],"author":[{"embeddable":true,"href":"https:\/\/i9.intersys.uy\/~decomuy\/wp-json\/wp\/v2\/users\/1"}],"replies":[{"embeddable":true,"href":"https:\/\/i9.intersys.uy\/~decomuy\/wp-json\/wp\/v2\/comments?post=25659"}],"version-history":[{"count":24,"href":"https:\/\/i9.intersys.uy\/~decomuy\/wp-json\/wp\/v2\/pages\/25659\/revisions"}],"predecessor-version":[{"id":25691,"href":"https:\/\/i9.intersys.uy\/~decomuy\/wp-json\/wp\/v2\/pages\/25659\/revisions\/25691"}],"wp:attachment":[{"href":"https:\/\/i9.intersys.uy\/~decomuy\/wp-json\/wp\/v2\/media?parent=25659"}],"curies":[{"name":"wp","href":"https:\/\/api.w.org\/{rel}","templated":true}]}}