{"id":25477,"date":"2024-05-20T17:48:40","date_gmt":"2024-05-20T17:48:40","guid":{"rendered":"https:\/\/trazocreativos.com\/illy\/?page_id=25477"},"modified":"2025-10-14T12:29:31","modified_gmt":"2025-10-14T15:29:31","slug":"maquinas","status":"publish","type":"page","link":"https:\/\/i9.intersys.uy\/~decomuy\/maquinas\/","title":{"rendered":"M\u00c1QUINAS"},"content":{"rendered":"<div class=\"wpb-content-wrapper\"><p>[vc_row css=&#8221;.vc_custom_1724125300183{padding-top: 80px !important;padding-bottom: 80px !important;background-image: url(https:\/\/vanacity.com\/wp-content\/uploads\/2024\/05\/illy_m_cafe.jpg?id=25555) !important;background-position: center !important;background-repeat: no-repeat !important;background-size: cover !important;}&#8221;][vc_column css=&#8221;.vc_custom_1716228111803{padding-top: 120px !important;}&#8221;][\/vc_column][\/vc_row][vc_row css=&#8221;.vc_custom_1724128501543{padding-top: px !important;padding-bottom: 0px !important;background-color: #f6f0ec !important;background-position: center !important;background-repeat: no-repeat !important;background-size: cover !important;}&#8221;][vc_column css=&#8221;.vc_custom_1724128520173{padding-top: 80px !important;padding-bottom: 80px !important;}&#8221;][vc_custom_heading text=&#8221;Nuestras m\u00e1quinas de caf\u00e9&#8221; font_container=&#8221;tag:p|font_size:26|text_align:center|color:%23000000|line_height:1&#8243; google_fonts=&#8221;font_family:Raleway%3A100%2C200%2C300%2Cregular%2C500%2C600%2C700%2C800%2C900|font_style:800%20bold%20regular%3A800%3Anormal&#8221; css=&#8221;.vc_custom_1724171904150{padding-bottom: 0px !important;padding-left: 0px !important;}&#8221;][vc_custom_heading text=&#8221;Descubr\u00ed nuestra selecci\u00f3n de m\u00e1quinas de caf\u00e9<br \/>\ndise\u00f1adas para resaltar el sabor<br \/>\ny el aroma del caf\u00e9 illy.&#8221; font_container=&#8221;tag:p|font_size:18|text_align:center|color:%23000000|line_height:1&#8243; google_fonts=&#8221;font_family:Raleway%3A100%2C200%2C300%2Cregular%2C500%2C600%2C700%2C800%2C900|font_style:500%20bold%20regular%3A500%3Anormal&#8221; css=&#8221;.vc_custom_1727184698680{padding-bottom: 0px !important;padding-left: 0px !important;}&#8221;][vc_btn title=&#8221;VER SHOP&#8221; style=&#8221;custom&#8221; custom_background=&#8221;#ff1000&#8243; custom_text=&#8221;#ffffff&#8221; shape=&#8221;round&#8221; size=&#8221;lg&#8221; align=&#8221;center&#8221; css=&#8221;.vc_custom_1760455766462{padding-top: 30px !important;}&#8221; link=&#8221;url:https%3A%2F%2Feshop.vanacity.com%2Fmaquinas-de-cafe&#8221;][\/vc_column][\/vc_row][vc_row css=&#8221;.vc_custom_1724125629884{padding-top: 0px !important;padding-bottom: 0px !important;background-color: #ffffff !important;}&#8221;][vc_column css=&#8221;.vc_custom_1724125790284{padding-top: 80px !important;padding-bottom: 80px !important;}&#8221;][vc_custom_heading text=&#8221;DOM\u00c9STICO&#8221; font_container=&#8221;tag:p|font_size:38|text_align:center|color:%23000000|line_height:1&#8243; google_fonts=&#8221;font_family:Raleway%3A100%2C200%2C300%2Cregular%2C500%2C600%2C700%2C800%2C900|font_style:800%20bold%20regular%3A800%3Anormal&#8221; css=&#8221;.vc_custom_1724127049743{padding-top: 0px !important;padding-bottom: 10px !important;padding-left: 0px !important;}&#8221;][vc_custom_heading text=&#8221;Una enorme variedad de maquinas para que puedas<br \/>\ndisfrutar de un exquisito caf\u00e9 illy en la comodidad de tu hogar&#8221; font_container=&#8221;tag:p|font_size:22|text_align:center|color:%23000000|line_height:1&#8243; google_fonts=&#8221;font_family:Raleway%3A100%2C200%2C300%2Cregular%2C500%2C600%2C700%2C800%2C900|font_style:500%20bold%20regular%3A500%3Anormal&#8221; css=&#8221;.vc_custom_1724165842870{padding-bottom: 0px !important;padding-left: 0px !important;}&#8221;][\/vc_column][\/vc_row][vc_row content_placement=&#8221;middle&#8221;][vc_column width=&#8221;1\/2&#8243; css=&#8221;.vc_custom_1724124646741{padding-top: 30px !important;padding-right: 30px !important;padding-bottom: 30px !important;padding-left: 30px !important;}&#8221;][vc_single_image image=&#8221;25544&#8243; img_size=&#8221;large&#8221;][vc_custom_heading text=&#8221;Iperespresso&#8221; font_container=&#8221;tag:p|font_size:28|text_align:center|color:%23000000|line_height:1&#8243; google_fonts=&#8221;font_family:Raleway%3A100%2C200%2C300%2Cregular%2C500%2C600%2C700%2C800%2C900|font_style:800%20bold%20regular%3A800%3Anormal&#8221; css=&#8221;.vc_custom_1724126617145{padding-bottom: 0px !important;padding-left: 0px !important;}&#8221;][vc_custom_heading text=&#8221;El dise\u00f1o inteligente<br \/>\nque te alegra la vida con cada caf\u00e9&#8221; font_container=&#8221;tag:p|font_size:18|text_align:center|color:%23fb1920|line_height:1&#8243; google_fonts=&#8221;font_family:Raleway%3A100%2C200%2C300%2Cregular%2C500%2C600%2C700%2C800%2C900|font_style:800%20bold%20regular%3A800%3Anormal&#8221; css=&#8221;.vc_custom_1724126746765{padding-bottom: 0px !important;padding-left: 0px !important;}&#8221;][vc_column_text css=&#8221;.vc_custom_1724166767872{padding-top: 10px !important;padding-right: px !important;padding-bottom: 0px !important;padding-left: px !important;}&#8221;]<\/p>\n<div class=\"col-md-12\">\n<div class=\"text-center\">\n<p style=\"text-align: center;\">Bonitas, sencillas y extremadamente eficientes, las m\u00e1quinas Iperespresso son el resultado de una tecnolog\u00eda exclusiva. Elige el dise\u00f1o y la funcionalidad que prefieras y utiliza tu m\u00e1quina con la c\u00e1psula Iperespresso que desees: la mezcla illy en sus dos tuestes, en descafeinado o el lungo. Para preparar y degustar una taza siempre impecable.<\/p>\n<div style=\"text-align: left;\"><\/div>\n<\/div>\n<\/div>\n<p>[\/vc_column_text][\/vc_column][vc_column width=&#8221;1\/2&#8243; css=&#8221;.vc_custom_1724124674672{padding-top: 30px !important;padding-right: 30px !important;padding-bottom: 30px !important;padding-left: 30px !important;}&#8221;][vc_single_image image=&#8221;25546&#8243; img_size=&#8221;large&#8221;][vc_custom_heading text=&#8221;Molido&#8221; font_container=&#8221;tag:p|font_size:28|text_align:center|color:%23000000|line_height:1&#8243; google_fonts=&#8221;font_family:Raleway%3A100%2C200%2C300%2Cregular%2C500%2C600%2C700%2C800%2C900|font_style:800%20bold%20regular%3A800%3Anormal&#8221; css=&#8221;.vc_custom_1724127225570{padding-bottom: 0px !important;padding-left: 0px !important;}&#8221;][vc_custom_heading text=&#8221;El ritual de la preparaci\u00f3n,<br \/>\nen casa como en el bar&#8221; font_container=&#8221;tag:p|font_size:18|text_align:center|color:%23fb1920|line_height:1&#8243; google_fonts=&#8221;font_family:Raleway%3A100%2C200%2C300%2Cregular%2C500%2C600%2C700%2C800%2C900|font_style:800%20bold%20regular%3A800%3Anormal&#8221; css=&#8221;.vc_custom_1724126576873{padding-bottom: 0px !important;padding-left: 0px !important;}&#8221;][vc_column_text css=&#8221;.vc_custom_1724127255652{padding-top: 10px !important;padding-right: px !important;padding-bottom: 0px !important;padding-left: px !important;}&#8221;]<\/p>\n<div class=\"col-md-12\">\n<div class=\"text-center\">\n<p style=\"text-align: center;\">Nacida de la larga experiencia illy en el mundo del espresso, la m\u00e1quina de caf\u00e9 molido te permite obtener tambi\u00e9n dos tazas a la vez decidiendo cada par\u00e1metro de la preparaci\u00f3n, igual que un barista. Ideal para quien quiera hacer de la creaci\u00f3n del espresso un momento digno de expertos.<\/p>\n<div style=\"text-align: left;\"><\/div>\n<\/div>\n<\/div>\n<p>[\/vc_column_text][\/vc_column][\/vc_row][vc_row content_placement=&#8221;middle&#8221;][vc_column width=&#8221;1\/2&#8243; css=&#8221;.vc_custom_1724124646741{padding-top: 30px !important;padding-right: 30px !important;padding-bottom: 30px !important;padding-left: 30px !important;}&#8221;][vc_single_image image=&#8221;26163&#8243; img_size=&#8221;large&#8221;][vc_custom_heading text=&#8221;Moka&#8221; font_container=&#8221;tag:p|font_size:28|text_align:center|color:%23000000|line_height:1&#8243; google_fonts=&#8221;font_family:Raleway%3A100%2C200%2C300%2Cregular%2C500%2C600%2C700%2C800%2C900|font_style:800%20bold%20regular%3A800%3Anormal&#8221; css=&#8221;.vc_custom_1724127236005{padding-bottom: 0px !important;padding-left: 0px !important;}&#8221;][vc_custom_heading text=&#8221;El sabor de la tradici\u00f3n&#8221; font_container=&#8221;tag:p|font_size:18|text_align:center|color:%23fb1920|line_height:1&#8243; google_fonts=&#8221;font_family:Raleway%3A100%2C200%2C300%2Cregular%2C500%2C600%2C700%2C800%2C900|font_style:800%20bold%20regular%3A800%3Anormal&#8221; css=&#8221;.vc_custom_1724127355174{padding-bottom: 0px !important;padding-left: 0px !important;}&#8221;][vc_column_text css=&#8221;.vc_custom_1724127402188{padding-top: 10px !important;padding-right: px !important;padding-bottom: 0px !important;padding-left: px !important;}&#8221;]<\/p>\n<div class=\"col-md-12\">\n<div class=\"text-center\">\n<p style=\"text-align: center;\">Mejora tu ritual diario del caf\u00e9 con los accesorios que simbolizan el estilo italiano en todo el mundo.<\/p>\n<div style=\"text-align: left;\"><\/div>\n<\/div>\n<\/div>\n<p>[\/vc_column_text][\/vc_column][vc_column width=&#8221;1\/2&#8243; css=&#8221;.vc_custom_1724124674672{padding-top: 30px !important;padding-right: 30px !important;padding-bottom: 30px !important;padding-left: 30px !important;}&#8221;][vc_single_image image=&#8221;26206&#8243; img_size=&#8221;large&#8221;][vc_custom_heading text=&#8221;Espumador de leche el\u00e9ctrico&#8221; font_container=&#8221;tag:p|font_size:28|text_align:center|color:%23000000|line_height:1&#8243; google_fonts=&#8221;font_family:Raleway%3A100%2C200%2C300%2Cregular%2C500%2C600%2C700%2C800%2C900|font_style:800%20bold%20regular%3A800%3Anormal&#8221; css=&#8221;.vc_custom_1724175868502{padding-bottom: 0px !important;padding-left: 0px !important;}&#8221;][vc_custom_heading text=&#8221;No s\u00f3lo caf\u00e9&#8221; font_container=&#8221;tag:p|font_size:18|text_align:center|color:%23fb1920|line_height:1&#8243; google_fonts=&#8221;font_family:Raleway%3A100%2C200%2C300%2Cregular%2C500%2C600%2C700%2C800%2C900|font_style:800%20bold%20regular%3A800%3Anormal&#8221; css=&#8221;.vc_custom_1724171014964{padding-bottom: 0px !important;padding-left: 0px !important;}&#8221;][vc_column_text css=&#8221;.vc_custom_1724170906048{padding-top: 10px !important;padding-right: px !important;padding-bottom: 0px !important;padding-left: px !important;}&#8221;]<\/p>\n<div class=\"col-md-12\">\n<div class=\"text-center\">\n<p style=\"text-align: center;\">\u00a0Para crear el capuchino perfecto y dar rienda suelta a tu creatividad experimentando con leche espumada.<\/p>\n<div style=\"text-align: left;\"><\/div>\n<\/div>\n<\/div>\n<p>[\/vc_column_text][\/vc_column][\/vc_row][vc_row css=&#8221;.vc_custom_1724125629884{padding-top: 0px !important;padding-bottom: 0px !important;background-color: #ffffff !important;}&#8221;][vc_column css=&#8221;.vc_custom_1724171055078{padding-top: 0px !important;padding-bottom: 80px !important;}&#8221;][vc_separator color=&#8221;black&#8221; el_width=&#8221;70&#8243; css=&#8221;.vc_custom_1724167145985{border-bottom-width: 0px !important;padding-top: 80px !important;}&#8221;][vc_custom_heading text=&#8221;PROFESIONAL&#8221; font_container=&#8221;tag:p|font_size:38|text_align:center|color:%23000000|line_height:1&#8243; google_fonts=&#8221;font_family:Raleway%3A100%2C200%2C300%2Cregular%2C500%2C600%2C700%2C800%2C900|font_style:800%20bold%20regular%3A800%3Anormal&#8221; css=&#8221;.vc_custom_1724127864117{padding-top: 0px !important;padding-bottom: 10px !important;padding-left: 0px !important;}&#8221;][vc_custom_heading text=&#8221;Soluciones integrales y m\u00e1quinas en consignaci\u00f3n para todo tipo<br \/>\nde emprendimiento gastron\u00f3mico,oficinas o locales comerciales.<br \/>\nNos adaptamos a tus necesidades sin importar<br \/>\nel volumen de consumo.&#8221; font_container=&#8221;tag:p|font_size:22|text_align:center|color:%23000000|line_height:1&#8243; google_fonts=&#8221;font_family:Raleway%3A100%2C200%2C300%2Cregular%2C500%2C600%2C700%2C800%2C900|font_style:500%20bold%20regular%3A500%3Anormal&#8221; css=&#8221;.vc_custom_1724171970805{padding-bottom: 0px !important;padding-left: 0px !important;}&#8221;][vc_single_image image=&#8221;26180&#8243; img_size=&#8221;full&#8221; alignment=&#8221;center&#8221; css=&#8221;.vc_custom_1724165896721{padding-top: 50px !important;}&#8221;][vc_custom_heading text=&#8221;Monodosis E.S.E.&#8221; font_container=&#8221;tag:p|font_size:28|text_align:center|color:%23000000|line_height:1&#8243; google_fonts=&#8221;font_family:Raleway%3A100%2C200%2C300%2Cregular%2C500%2C600%2C700%2C800%2C900|font_style:800%20bold%20regular%3A800%3Anormal&#8221; css=&#8221;.vc_custom_1724124908334{padding-left: 0px !important;}&#8221;][vc_custom_heading text=&#8221;Practicidad y frescura&#8221; font_container=&#8221;tag:p|font_size:18|text_align:center|color:%23fb1920|line_height:1&#8243; google_fonts=&#8221;font_family:Raleway%3A100%2C200%2C300%2Cregular%2C500%2C600%2C700%2C800%2C900|font_style:800%20bold%20regular%3A800%3Anormal&#8221; css=&#8221;.vc_custom_1724126732775{padding-bottom: 0px !important;padding-left: 20px !important;}&#8221;][vc_column_text css=&#8221;.vc_custom_1724166708885{padding-top: 20px !important;padding-right: 80px !important;padding-bottom: 0px !important;padding-left: 80px !important;}&#8221;]<\/p>\n<div class=\"col-md-12\">\n<div class=\"text-center\">\n<p style=\"text-align: center;\">&#8220;Easy Serving Espresso&#8221; fue el primer sistema de preparaci\u00f3n de espresso en el mundo que utiliz\u00f3 una monodosis de caf\u00e9. Utilizado por illy desde los a\u00f1os &#8217;70, hoy emplea la tecnolog\u00eda fiable que permite realizar un excelente espresso de forma simple y limpia eligiendo la mezcla illy en sus dos tuestes o en descafeinado.<\/p>\n<div style=\"text-align: left;\"><\/div>\n<\/div>\n<\/div>\n<p>[\/vc_column_text][\/vc_column][\/vc_row][vc_row content_placement=&#8221;middle&#8221;][vc_column css=&#8221;.vc_custom_1724127634429{padding-top: 30px !important;padding-right: 30px !important;padding-bottom: 30px !important;padding-left: 30px !important;}&#8221;][vc_single_image image=&#8221;26171&#8243; img_size=&#8221;large&#8221; alignment=&#8221;center&#8221;][vc_custom_heading text=&#8221;Accesorios y recambios&#8221; font_container=&#8221;tag:p|font_size:28|text_align:center|color:%23000000|line_height:1&#8243; google_fonts=&#8221;font_family:Raleway%3A100%2C200%2C300%2Cregular%2C500%2C600%2C700%2C800%2C900|font_style:800%20bold%20regular%3A800%3Anormal&#8221; css=&#8221;.vc_custom_1724127559420{padding-bottom: 0px !important;padding-left: 0px !important;}&#8221;][vc_column_text css=&#8221;.vc_custom_1724127715527{padding-top: 0px !important;padding-right: px !important;padding-bottom: 0px !important;padding-left: px !important;}&#8221;]<\/p>\n<div class=\"col-md-12\">\n<div class=\"text-center\">\n<p style=\"text-align: center;\">Guarniciones y dep\u00f3sitos para el agua, y tambi\u00e9n porta-c\u00e1psulas, portafiltros y prensadores:<br \/>\ntodo lo necesario para el mantenimiento y el perfecto funcionamiento de tu m\u00e1quina.<br \/>\nY para preparar cada d\u00eda el caf\u00e9 que m\u00e1s te gusta.<\/p>\n<div><\/div>\n<\/div>\n<\/div>\n<p>[\/vc_column_text][\/vc_column][\/vc_row]<\/p>\n<\/div>","protected":false},"excerpt":{"rendered":"<p>[vc_row css=&#8221;.vc_custom_1724125300183{padding-top: 80px !important;padding-bottom: 80px !important;background-image: url(https:\/\/vanacity.com\/wp-content\/uploads\/2024\/05\/illy_m_cafe.jpg?id=25555) !important;background-position: center !important;background-repeat: no-repeat !important;background-size: cover !important;}&#8221;][vc_column css=&#8221;.vc_custom_1716228111803{padding-top: 120px !important;}&#8221;][\/vc_column][\/vc_row][vc_row css=&#8221;.vc_custom_1724128501543{padding-top: px !important;padding-bottom: 0px !important;background-color: #f6f0ec !important;background-position: center !important;background-repeat: no-repeat !important;background-size: cover !important;}&#8221;][vc_column css=&#8221;.vc_custom_1724128520173{padding-top: 80px !important;padding-bottom: 80px !important;}&#8221;][vc_custom_heading text=&#8221;Nuestras m\u00e1quinas de caf\u00e9&#8221; font_container=&#8221;tag:p|font_size:26|text_align:center|color:%23000000|line_height:1&#8243; google_fonts=&#8221;font_family:Raleway%3A100%2C200%2C300%2Cregular%2C500%2C600%2C700%2C800%2C900|font_style:800%20bold%20regular%3A800%3Anormal&#8221; css=&#8221;.vc_custom_1724171904150{padding-bottom: 0px !important;padding-left: 0px !important;}&#8221;][vc_custom_heading text=&#8221;Descubr\u00ed nuestra selecci\u00f3n de m\u00e1quinas de caf\u00e9 dise\u00f1adas para [&hellip;]<\/p>\n","protected":false},"author":1,"featured_media":0,"parent":0,"menu_order":0,"comment_status":"closed","ping_status":"closed","template":"","meta":{"_joinchat":[],"footnotes":""},"class_list":["post-25477","page","type-page","status-publish","hentry"],"_links":{"self":[{"href":"https:\/\/i9.intersys.uy\/~decomuy\/wp-json\/wp\/v2\/pages\/25477","targetHints":{"allow":["GET"]}}],"collection":[{"href":"https:\/\/i9.intersys.uy\/~decomuy\/wp-json\/wp\/v2\/pages"}],"about":[{"href":"https:\/\/i9.intersys.uy\/~decomuy\/wp-json\/wp\/v2\/types\/page"}],"author":[{"embeddable":true,"href":"https:\/\/i9.intersys.uy\/~decomuy\/wp-json\/wp\/v2\/users\/1"}],"replies":[{"embeddable":true,"href":"https:\/\/i9.intersys.uy\/~decomuy\/wp-json\/wp\/v2\/comments?post=25477"}],"version-history":[{"count":56,"href":"https:\/\/i9.intersys.uy\/~decomuy\/wp-json\/wp\/v2\/pages\/25477\/revisions"}],"predecessor-version":[{"id":26769,"href":"https:\/\/i9.intersys.uy\/~decomuy\/wp-json\/wp\/v2\/pages\/25477\/revisions\/26769"}],"wp:attachment":[{"href":"https:\/\/i9.intersys.uy\/~decomuy\/wp-json\/wp\/v2\/media?parent=25477"}],"curies":[{"name":"wp","href":"https:\/\/api.w.org\/{rel}","templated":true}]}}