{"id":2280,"date":"2024-04-11T21:01:47","date_gmt":"2024-04-11T21:01:47","guid":{"rendered":"https:\/\/trazocreativos.com\/illy\/?page_id=2280"},"modified":"2024-08-19T20:29:34","modified_gmt":"2024-08-19T20:29:34","slug":"maquinas-en-prestamo","status":"publish","type":"page","link":"https:\/\/i9.intersys.uy\/~decomuy\/maquinas-en-prestamo\/","title":{"rendered":"m\u00e1quinas en prestamo"},"content":{"rendered":"<div class=\"wpb-content-wrapper\"><p>[vc_row content_placement=&#8221;middle&#8221; css=&#8221;.vc_custom_1712880608437{padding-right: 30px !important;padding-left: 30px !important;}&#8221;][vc_column css=&#8221;.vc_custom_1712880484387{padding-top: 60px !important;padding-right: 10px !important;padding-bottom: 30px !important;padding-left: 10px !important;}&#8221;][vc_custom_heading text=&#8221;Soluciones integrales y m\u00e1quinas en consignaci\u00f3n para todo tipo de emprendimiento gastron\u00f3mico, oficinas o locales comerciales.&#8221; font_container=&#8221;tag:p|font_size:32|text_align:center|color:%23fb1920|line_height:1&#8243; google_fonts=&#8221;font_family:Raleway%3A100%2C200%2C300%2Cregular%2C500%2C600%2C700%2C800%2C900|font_style:800%20bold%20regular%3A800%3Anormal&#8221; css=&#8221;.vc_custom_1724099369171{padding-top: 0px !important;padding-right: 0px !important;padding-bottom: 0px !important;padding-left: 0px !important;}&#8221;][\/vc_column][\/vc_row][vc_row css=&#8221;.vc_custom_1712878320101{border-top-width: 0px !important;padding-top: 80px !important;padding-bottom: 80px !important;background-color: #ff010a !important;background-position: center !important;background-repeat: no-repeat !important;background-size: cover !important;}&#8221;][vc_column][vc_custom_heading text=&#8221;Elige tu modelo<br \/>\nde negocio&#8221; font_container=&#8221;tag:p|font_size:32|text_align:center|color:%23ffffff|line_height:1&#8243; google_fonts=&#8221;font_family:Raleway%3A100%2C200%2C300%2Cregular%2C500%2C600%2C700%2C800%2C900|font_style:800%20bold%20regular%3A800%3Anormal&#8221; css=&#8221;.vc_custom_1712878627208{padding-top: 30px !important;padding-right: 0px !important;padding-bottom: 30px !important;padding-left: 0px !important;}&#8221;][\/vc_column][\/vc_row][vc_row content_placement=&#8221;middle&#8221; css=&#8221;.vc_custom_1712880083065{padding-top: 30px !important;}&#8221;][vc_column width=&#8221;1\/2&#8243;][vc_single_image image=&#8221;2285&#8243; img_size=&#8221;large&#8221;][vc_custom_heading text=&#8221;Bar y Restaurante&#8221; font_container=&#8221;tag:p|font_size:28|text_align:center|color:%23fb1920|line_height:1&#8243; google_fonts=&#8221;font_family:Raleway%3A100%2C200%2C300%2Cregular%2C500%2C600%2C700%2C800%2C900|font_style:800%20bold%20regular%3A800%3Anormal&#8221; css=&#8221;.vc_custom_1712880347280{padding-bottom: 10px !important;}&#8221;][vc_column_text css=&#8221;.vc_custom_1712879828262{padding-top: 0px !important;padding-right: px !important;padding-bottom: 0px !important;padding-left: px !important;}&#8221;]<\/p>\n<p style=\"text-align: center;\">La taza y otros protagonistas: todo empieza con el caf\u00e9 y contin\u00faa con una gama entera de productos y servicios pensados para ayudarte a ofrecer cada d\u00eda a tus clientes una experiencia inolvidable.<\/p>\n<p>[\/vc_column_text][\/vc_column][vc_column width=&#8221;1\/2&#8243;][vc_single_image image=&#8221;2287&#8243; img_size=&#8221;large&#8221;][vc_custom_heading text=&#8221;Panader\u00edas y pasteler\u00edas&#8221; font_container=&#8221;tag:p|font_size:28|text_align:center|color:%23fb1920|line_height:1&#8243; google_fonts=&#8221;font_family:Raleway%3A100%2C200%2C300%2Cregular%2C500%2C600%2C700%2C800%2C900|font_style:800%20bold%20regular%3A800%3Anormal&#8221; css=&#8221;.vc_custom_1712880358162{padding-bottom: 10px !important;}&#8221;][vc_column_text css=&#8221;.vc_custom_1712880146889{padding-top: 0px !important;padding-right: px !important;padding-bottom: 0px !important;padding-left: px !important;}&#8221;]<\/p>\n<p style=\"text-align: center;\">Con su calidad constante, el caf\u00e9 illy es el compa\u00f1ero ideal y el ingrediente perfecto para su otra mitad: el arte de la pasteler\u00eda y la helader\u00eda.<\/p>\n<p>[\/vc_column_text][\/vc_column][\/vc_row][vc_row content_placement=&#8221;middle&#8221; css=&#8221;.vc_custom_1712880083065{padding-top: 30px !important;}&#8221;][vc_column width=&#8221;1\/2&#8243;][vc_single_image image=&#8221;26152&#8243; img_size=&#8221;large&#8221;][vc_custom_heading text=&#8221;Hotel&#8221; font_container=&#8221;tag:p|font_size:28|text_align:center|color:%23fb1920|line_height:1&#8243; google_fonts=&#8221;font_family:Raleway%3A100%2C200%2C300%2Cregular%2C500%2C600%2C700%2C800%2C900|font_style:800%20bold%20regular%3A800%3Anormal&#8221; css=&#8221;.vc_custom_1712880373591{padding-bottom: 10px !important;}&#8221;][vc_column_text css=&#8221;.vc_custom_1712880217163{padding-top: 0px !important;padding-right: px !important;padding-bottom: 0px !important;padding-left: px !important;}&#8221;]<\/p>\n<p style=\"text-align: center;\">Nuestro programa personalizado permite a los hoteles servir un caf\u00e9 perfecto para todos los gustos, a todas horas y (casi) en cualquier lugar.<\/p>\n<p>[\/vc_column_text][\/vc_column][vc_column width=&#8221;1\/2&#8243;][vc_single_image image=&#8221;2290&#8243; img_size=&#8221;large&#8221;][vc_custom_heading text=&#8221;Oficinas&#8221; font_container=&#8221;tag:p|font_size:28|text_align:center|color:%23fb1920|line_height:1&#8243; google_fonts=&#8221;font_family:Raleway%3A100%2C200%2C300%2Cregular%2C500%2C600%2C700%2C800%2C900|font_style:800%20bold%20regular%3A800%3Anormal&#8221; css=&#8221;.vc_custom_1712880386436{padding-bottom: 10px !important;}&#8221;][vc_column_text css=&#8221;.vc_custom_1712880247395{padding-top: 0px !important;padding-right: px !important;padding-bottom: 0px !important;padding-left: px !important;}&#8221;]<\/p>\n<p style=\"text-align: center;\">El punto de degustaci\u00f3n de caf\u00e9 en la oficina es en muchos casos algo m\u00e1s que un lugar de consumo.<\/p>\n<p>[\/vc_column_text][\/vc_column][\/vc_row]<\/p>\n<\/div>","protected":false},"excerpt":{"rendered":"<p>[vc_row content_placement=&#8221;middle&#8221; css=&#8221;.vc_custom_1712880608437{padding-right: 30px !important;padding-left: 30px !important;}&#8221;][vc_column css=&#8221;.vc_custom_1712880484387{padding-top: 60px !important;padding-right: 10px !important;padding-bottom: 30px !important;padding-left: 10px !important;}&#8221;][vc_custom_heading text=&#8221;Soluciones integrales y m\u00e1quinas en consignaci\u00f3n para todo tipo de emprendimiento gastron\u00f3mico, oficinas o locales comerciales.&#8221; font_container=&#8221;tag:p|font_size:32|text_align:center|color:%23fb1920|line_height:1&#8243; google_fonts=&#8221;font_family:Raleway%3A100%2C200%2C300%2Cregular%2C500%2C600%2C700%2C800%2C900|font_style:800%20bold%20regular%3A800%3Anormal&#8221; css=&#8221;.vc_custom_1724099369171{padding-top: 0px !important;padding-right: 0px !important;padding-bottom: 0px !important;padding-left: 0px !important;}&#8221;][\/vc_column][\/vc_row][vc_row css=&#8221;.vc_custom_1712878320101{border-top-width: 0px !important;padding-top: 80px !important;padding-bottom: 80px !important;background-color: #ff010a !important;background-position: center !important;background-repeat: no-repeat [&hellip;]<\/p>\n","protected":false},"author":1,"featured_media":0,"parent":0,"menu_order":0,"comment_status":"closed","ping_status":"closed","template":"","meta":{"_joinchat":[],"footnotes":""},"class_list":["post-2280","page","type-page","status-publish","hentry"],"_links":{"self":[{"href":"https:\/\/i9.intersys.uy\/~decomuy\/wp-json\/wp\/v2\/pages\/2280","targetHints":{"allow":["GET"]}}],"collection":[{"href":"https:\/\/i9.intersys.uy\/~decomuy\/wp-json\/wp\/v2\/pages"}],"about":[{"href":"https:\/\/i9.intersys.uy\/~decomuy\/wp-json\/wp\/v2\/types\/page"}],"author":[{"embeddable":true,"href":"https:\/\/i9.intersys.uy\/~decomuy\/wp-json\/wp\/v2\/users\/1"}],"replies":[{"embeddable":true,"href":"https:\/\/i9.intersys.uy\/~decomuy\/wp-json\/wp\/v2\/comments?post=2280"}],"version-history":[{"count":22,"href":"https:\/\/i9.intersys.uy\/~decomuy\/wp-json\/wp\/v2\/pages\/2280\/revisions"}],"predecessor-version":[{"id":26770,"href":"https:\/\/i9.intersys.uy\/~decomuy\/wp-json\/wp\/v2\/pages\/2280\/revisions\/26770"}],"wp:attachment":[{"href":"https:\/\/i9.intersys.uy\/~decomuy\/wp-json\/wp\/v2\/media?parent=2280"}],"curies":[{"name":"wp","href":"https:\/\/api.w.org\/{rel}","templated":true}]}}