{"id":2102,"date":"2024-03-15T16:38:02","date_gmt":"2024-03-15T16:38:02","guid":{"rendered":"https:\/\/trazocreativos.com\/illy\/?page_id=2102"},"modified":"2024-09-27T20:33:10","modified_gmt":"2024-09-27T20:33:10","slug":"cafe","status":"publish","type":"page","link":"https:\/\/i9.intersys.uy\/~decomuy\/cafe\/","title":{"rendered":"caf\u00e9"},"content":{"rendered":"<div class=\"wpb-content-wrapper\"><p>[vc_row css=&#8221;.vc_custom_1727469166274{padding-top: 0px !important;padding-bottom: 0px !important;}&#8221;][vc_column video_bg=&#8221;yes&#8221; video_bg_url=&#8221;https:\/\/www.youtube.com\/watch?v=3ukhtdLR7YQ&#8221; css=&#8221;.vc_custom_1727469187424{padding-top: 400px !important;padding-right: 0px !important;padding-bottom: 400px !important;padding-left: 0px !important;}&#8221;][\/vc_column][\/vc_row][vc_row][vc_column css=&#8221;.vc_custom_1723823317697{padding-top: 30px !important;padding-right: 20px !important;padding-bottom: 30px !important;padding-left: 20px !important;}&#8221;][vc_custom_heading text=&#8221;Elegimos los mejores productores de caf\u00e9 y el resultado de nuestra calidad est\u00e1 en la selecci\u00f3n del 1% de toda la cosecha para generar una mezcla \u00fanica y perfecta en el mundo.&#8221; font_container=&#8221;tag:p|font_size:28|text_align:center|color:%23dd3333|line_height:1&#8243; google_fonts=&#8221;font_family:Raleway%3A100%2C200%2C300%2Cregular%2C500%2C600%2C700%2C800%2C900|font_style:800%20bold%20regular%3A800%3Anormal&#8221; css=&#8221;.vc_custom_1727184465540{padding-top: 20px !important;padding-bottom: 0px !important;padding-left: 30px !important;}&#8221;][\/vc_column][\/vc_row][vc_row content_placement=&#8221;middle&#8221;][vc_column width=&#8221;1\/2&#8243; css=&#8221;.vc_custom_1710871229893{padding-top: 60px !important;padding-right: 30px !important;padding-bottom: 30px !important;padding-left: 30px !important;}&#8221;][vc_custom_heading text=&#8221;Los secretos de la mezcla illy&#8221; font_container=&#8221;tag:p|font_size:28|text_align:left|color:%23fb1920|line_height:1&#8243; google_fonts=&#8221;font_family:Raleway%3A100%2C200%2C300%2Cregular%2C500%2C600%2C700%2C800%2C900|font_style:800%20bold%20regular%3A800%3Anormal&#8221; css=&#8221;.vc_custom_1723824190397{padding-bottom: 20px !important;padding-left: 30px !important;}&#8221;][vc_column_text css=&#8221;.vc_custom_1724100175676{padding-top: 0px !important;padding-right: px !important;padding-bottom: 0px !important;padding-left: px !important;}&#8221;]El caf\u00e9 Illy es una mezcla exclusiva creada a partir de la combinaci\u00f3n de nueve granos distintos de caf\u00e9 ar\u00e1bica , provenientes de los mejores cultivos de caf\u00e9 en el mundo.<\/p>\n<p>La b\u00fasqueda de la excelencia va de la mano con la protecci\u00f3n del medioambiente, ya que cuidar de la naturaleza es el primer paso para obtener un producto de gran calidad a partir de la planta y de la capacitaci\u00f3n de las comunidades de cada lugar.[\/vc_column_text][\/vc_column][vc_column width=&#8221;1\/2&#8243;][vc_single_image image=&#8221;2232&#8243; img_size=&#8221;large&#8221;][\/vc_column][\/vc_row][vc_row css=&#8221;.vc_custom_1723819458704{background-image: url(https:\/\/vanacity.com\/wp-content\/uploads\/2024\/03\/bg_illy_cafe_005.jpg?id=2186) !important;background-position: center !important;background-repeat: no-repeat !important;background-size: cover !important;}&#8221;][vc_column][vc_column_text css=&#8221;.vc_custom_1723823077302{padding-top: 150px !important;padding-right: 30px !important;padding-bottom: 150px !important;padding-left: 30px !important;}&#8221;]<\/p>\n<p style=\"font-size: 18px; font-weight: 500; text-align: center;\">El sabor illy siempre se reconoce:<br \/>\nuna sensaci\u00f3n t\u00e1ctil aterciopelada, un sabor dulce que se percibe enseguida, un di\u00e1logo equilibrado entre notas \u00e1cidas y amargas,de flores y fruta,caramelo, pan tostado, chocolate,toques de almendra y miel, que al final se unen en una sensaci\u00f3n dulce.<br \/>\nPerfecto sobre todo para los expertos en caf\u00e9 que no a\u00f1aden az\u00facar.<\/p>\n<p style=\"font-size: 18px; font-weight: 500; text-align: center;\">illy caf\u00e9 ofrece a los expertos y apasionados de todo el mundo el caf\u00e9 ideal, el mejor que la naturaleza puede ofrecer, realizado por una elaboraci\u00f3n impecable que integra las mejores tecnolog\u00edas y la experiencia de casi ochenta a\u00f1os de pasi\u00f3n familiar y empresarial.<\/p>\n<p>[\/vc_column_text][\/vc_column][\/vc_row][vc_row content_placement=&#8221;middle&#8221;][vc_column width=&#8221;1\/2&#8243; css=&#8221;.vc_custom_1710866277369{padding-top: 80px !important;padding-right: 30px !important;padding-bottom: 30px !important;padding-left: 30px !important;}&#8221;][vc_custom_heading text=&#8221;El caf\u00e9 y los 5 sentidos&#8221; font_container=&#8221;tag:p|font_size:28|text_align:left|color:%23fb1920|line_height:1&#8243; google_fonts=&#8221;font_family:Raleway%3A100%2C200%2C300%2Cregular%2C500%2C600%2C700%2C800%2C900|font_style:800%20bold%20regular%3A800%3Anormal&#8221; css=&#8221;.vc_custom_1712845783903{padding-bottom: 30px !important;padding-left: 30px !important;}&#8221;][vc_column_text css=&#8221;.vc_custom_1712846996593{padding-top: 0px !important;padding-right: px !important;padding-bottom: 0px !important;padding-left: px !important;}&#8221;]<\/p>\n<div class=\"col-md-12\">\n<div class=\"text-center\">\n<p style=\"text-align: left;\">En una taza de caf\u00e9 espresso excelente se encuentra todo un mundo, solo se necesita un poco de concentraci\u00f3n para descubrirlo. Degustar, de hecho, significa saborear con conciencia, integrando el placer sensorial y el intelectual. Significa captar los matices del aroma y del sabor, en un viaje hecho de memoria y fantas\u00eda.<\/p>\n<div style=\"text-align: left;\"><\/div>\n<\/div>\n<\/div>\n<p>[\/vc_column_text][\/vc_column][vc_column width=&#8221;1\/2&#8243; css=&#8221;.vc_custom_1710868997411{padding-top: 30px !important;}&#8221;][vc_single_image image=&#8221;2265&#8243; img_size=&#8221;large&#8221;][\/vc_column][\/vc_row][vc_row content_placement=&#8221;middle&#8221; css=&#8221;.vc_custom_1712847875279{padding-top: 0px !important;}&#8221;][vc_column width=&#8221;1\/3&#8243; css=&#8221;.vc_custom_1712851519101{padding-top: 20px !important;padding-right: 30px !important;padding-bottom: 0px !important;padding-left: 30px !important;}&#8221;][vc_custom_heading text=&#8221;1 Olfato&#8221; font_container=&#8221;tag:p|font_size:28|text_align:left|color:%23fb1920|line_height:1&#8243; google_fonts=&#8221;font_family:Raleway%3A100%2C200%2C300%2Cregular%2C500%2C600%2C700%2C800%2C900|font_style:800%20bold%20regular%3A800%3Anormal&#8221; css=&#8221;.vc_custom_1712850352137{padding-bottom: 0px !important;padding-left: 30px !important;}&#8221;][vc_zigzag color=&#8221;black&#8221; align=&#8221;left&#8221; el_width=&#8221;30&#8243; el_border_width=&#8221;10&#8243; css=&#8221;.vc_custom_1712850385894{padding-bottom: 20px !important;padding-left: 30px !important;}&#8221;][vc_column_text css=&#8221;.vc_custom_1723477876241{padding-top: 0px !important;padding-right: px !important;padding-bottom: 0px !important;padding-left: px !important;}&#8221;]Una primera oleada de aromas se desencadena cuando el caf\u00e9 est\u00e1 alrededor de los 80\u00b0 y se mezcla para permitir que el perfume, atravesando la capa de crema, se difunda en el aire. Son notas frescas y ligeras de flores y frutos, desde el jazm\u00edn hasta la almendra. Una segunda oleada llega despu\u00e9s de catarlo, cuando la percepci\u00f3n retronasal devuelve aromas m\u00e1s fuertes como la mantequilla, el pan reci\u00e9n horneado o el chocolate. Es lo que com\u00fanmente se denomina \u201csabor\u201d.[\/vc_column_text][\/vc_column][vc_column width=&#8221;1\/3&#8243; css=&#8221;.vc_custom_1723824292185{padding-top: 20px !important;padding-left: 30px !important;}&#8221;][vc_custom_heading text=&#8221;2 Gusto&#8221; font_container=&#8221;tag:p|font_size:28|text_align:left|color:%23fb1920|line_height:1&#8243; google_fonts=&#8221;font_family:Raleway%3A100%2C200%2C300%2Cregular%2C500%2C600%2C700%2C800%2C900|font_style:800%20bold%20regular%3A800%3Anormal&#8221; css=&#8221;.vc_custom_1712850692152{padding-bottom: 0px !important;padding-left: 30px !important;}&#8221;][vc_zigzag color=&#8221;black&#8221; align=&#8221;left&#8221; el_width=&#8221;30&#8243; el_border_width=&#8221;10&#8243; css=&#8221;.vc_custom_1712850385894{padding-bottom: 20px !important;padding-left: 30px !important;}&#8221;][vc_column_text css=&#8221;.vc_custom_1712847949276{padding-top: 0px !important;padding-right: px !important;padding-bottom: 0px !important;padding-left: px !important;}&#8221;]Estamos alrededor de los 65\u00b0, la temperatura ideal para la degustaci\u00f3n. Es preferible no alterar el sabor a\u00f1adiendo az\u00facar, ya que el espresso perfecto ya tiene un equilibrio exacto de notas dulces, amargas y \u00e1cidas. Es suficiente con un peque\u00f1o sorbo para apreciar su plenitud.[\/vc_column_text][\/vc_column][vc_column width=&#8221;1\/3&#8243; css=&#8221;.vc_custom_1723824321673{padding-top: 20px !important;padding-left: 30px !important;}&#8221;][vc_custom_heading text=&#8221;3 Tacto&#8221; font_container=&#8221;tag:p|font_size:28|text_align:left|color:%23fb1920|line_height:1&#8243; google_fonts=&#8221;font_family:Raleway%3A100%2C200%2C300%2Cregular%2C500%2C600%2C700%2C800%2C900|font_style:800%20bold%20regular%3A800%3Anormal&#8221; css=&#8221;.vc_custom_1712850705644{padding-bottom: 0px !important;padding-left: 30px !important;}&#8221;][vc_zigzag color=&#8221;black&#8221; align=&#8221;left&#8221; el_width=&#8221;30&#8243; el_border_width=&#8221;10&#8243; css=&#8221;.vc_custom_1712850385894{padding-bottom: 20px !important;padding-left: 30px !important;}&#8221;][vc_column_text css=&#8221;.vc_custom_1712848035208{padding-top: 0px !important;padding-right: px !important;padding-bottom: 0px !important;padding-left: px !important;}&#8221;]Junto con el aroma, es el \u201ccuerpo\u201d lo que distingue al espresso de cualquier otra preparaci\u00f3n y lo que ofrece una agradable sensaci\u00f3n de aterciopelada cremosidad y suavidad.[\/vc_column_text][\/vc_column][\/vc_row][vc_row content_placement=&#8221;middle&#8221; css=&#8221;.vc_custom_1712864924962{padding-top: 0px !important;padding-bottom: 50px !important;}&#8221;][vc_column width=&#8221;1\/2&#8243; css=&#8221;.vc_custom_1712851118641{padding-top: 0px !important;padding-right: 30px !important;padding-bottom: 0px !important;padding-left: 30px !important;}&#8221;][vc_custom_heading text=&#8221;4 O\u00eddo&#8221; font_container=&#8221;tag:p|font_size:28|text_align:left|color:%23fb1920|line_height:0&#8243; google_fonts=&#8221;font_family:Raleway%3A100%2C200%2C300%2Cregular%2C500%2C600%2C700%2C800%2C900|font_style:800%20bold%20regular%3A800%3Anormal&#8221; css=&#8221;.vc_custom_1712851061257{padding-top: 20px !important;padding-bottom: 0px !important;padding-left: 30px !important;}&#8221;][vc_zigzag color=&#8221;black&#8221; align=&#8221;left&#8221; el_width=&#8221;20&#8243; el_border_width=&#8221;10&#8243; css=&#8221;.vc_custom_1712851196263{padding-top: 10px !important;padding-bottom: 20px !important;padding-left: 30px !important;}&#8221;][vc_column_text css=&#8221;.vc_custom_1712848226999{padding-top: 0px !important;padding-right: px !important;padding-bottom: 0px !important;padding-left: px !important;}&#8221;]Un espresso \u00f3ptimo se compara a menudo metaf\u00f3ricamente con una pieza musical, aunque compuesta por notas arom\u00e1ticas. Concentr\u00e1ndose en la sensaci\u00f3n interior de armon\u00eda, se puede tambi\u00e9n escuchar: cada uno descubrir\u00e1 su propia tonalidad.[\/vc_column_text][\/vc_column][vc_column width=&#8221;1\/2&#8243; css=&#8221;.vc_custom_1723824351842{padding-top: 0px !important;padding-bottom: 0px !important;padding-left: 30px !important;}&#8221;][vc_custom_heading text=&#8221;5 Vista&#8221; font_container=&#8221;tag:p|font_size:28|text_align:left|color:%23fb1920|line_height:1&#8243; google_fonts=&#8221;font_family:Raleway%3A100%2C200%2C300%2Cregular%2C500%2C600%2C700%2C800%2C900|font_style:800%20bold%20regular%3A800%3Anormal&#8221; css=&#8221;.vc_custom_1712850728393{padding-bottom: 0px !important;padding-left: 30px !important;}&#8221;][vc_zigzag color=&#8221;black&#8221; align=&#8221;left&#8221; el_width=&#8221;20&#8243; el_border_width=&#8221;10&#8243; css=&#8221;.vc_custom_1712850765425{padding-bottom: 20px !important;padding-left: 30px !important;}&#8221;][vc_column_text css=&#8221;.vc_custom_1712848311087{padding-top: 0px !important;padding-right: px !important;padding-bottom: 0px !important;padding-left: px !important;}&#8221;]Un espresso perfecto se reconoce a primera vista. La taza de porcelana blanca enmarca la crema: una delicada trama en tonos avellana recorrida por finas estr\u00edas rojizas.<\/p>\n<p>Si la crema es marr\u00f3n oscura, con un bot\u00f3n blanco o un agujero negro en el centro, hay algo que sobra: el tiempo de extracci\u00f3n demasiado largo, el molido demasiado fino, o bien la temperatura y la presi\u00f3n demasiado altas. Al rev\u00e9s, si la crema es clara e inconsistente.[\/vc_column_text][\/vc_column][\/vc_row][vc_row css=&#8221;.vc_custom_1723830834862{background-image: url(https:\/\/vanacity.com\/wp-content\/uploads\/2015\/12\/bg-special-product.jpg?id=823) !important;}&#8221;][vc_column css=&#8221;.vc_custom_1723830232485{padding-top: 30px !important;padding-right: 30px !important;padding-bottom: 30px !important;padding-left: 30px !important;}&#8221;][sns_product id=&#8221;25179&#8243;][\/vc_column][\/vc_row]<\/p>\n<\/div>","protected":false},"excerpt":{"rendered":"<p>[vc_row css=&#8221;.vc_custom_1727469166274{padding-top: 0px !important;padding-bottom: 0px !important;}&#8221;][vc_column video_bg=&#8221;yes&#8221; video_bg_url=&#8221;https:\/\/www.youtube.com\/watch?v=3ukhtdLR7YQ&#8221; css=&#8221;.vc_custom_1727469187424{padding-top: 400px !important;padding-right: 0px !important;padding-bottom: 400px !important;padding-left: 0px !important;}&#8221;][\/vc_column][\/vc_row][vc_row][vc_column css=&#8221;.vc_custom_1723823317697{padding-top: 30px !important;padding-right: 20px !important;padding-bottom: 30px !important;padding-left: 20px !important;}&#8221;][vc_custom_heading text=&#8221;Elegimos los mejores productores de caf\u00e9 y el resultado de nuestra calidad est\u00e1 en la selecci\u00f3n del 1% de toda la cosecha para generar una mezcla \u00fanica y perfecta [&hellip;]<\/p>\n","protected":false},"author":1,"featured_media":0,"parent":0,"menu_order":0,"comment_status":"closed","ping_status":"closed","template":"","meta":{"_joinchat":[],"footnotes":""},"class_list":["post-2102","page","type-page","status-publish","hentry"],"_links":{"self":[{"href":"https:\/\/i9.intersys.uy\/~decomuy\/wp-json\/wp\/v2\/pages\/2102","targetHints":{"allow":["GET"]}}],"collection":[{"href":"https:\/\/i9.intersys.uy\/~decomuy\/wp-json\/wp\/v2\/pages"}],"about":[{"href":"https:\/\/i9.intersys.uy\/~decomuy\/wp-json\/wp\/v2\/types\/page"}],"author":[{"embeddable":true,"href":"https:\/\/i9.intersys.uy\/~decomuy\/wp-json\/wp\/v2\/users\/1"}],"replies":[{"embeddable":true,"href":"https:\/\/i9.intersys.uy\/~decomuy\/wp-json\/wp\/v2\/comments?post=2102"}],"version-history":[{"count":163,"href":"https:\/\/i9.intersys.uy\/~decomuy\/wp-json\/wp\/v2\/pages\/2102\/revisions"}],"predecessor-version":[{"id":26285,"href":"https:\/\/i9.intersys.uy\/~decomuy\/wp-json\/wp\/v2\/pages\/2102\/revisions\/26285"}],"wp:attachment":[{"href":"https:\/\/i9.intersys.uy\/~decomuy\/wp-json\/wp\/v2\/media?parent=2102"}],"curies":[{"name":"wp","href":"https:\/\/api.w.org\/{rel}","templated":true}]}}